{"id":3622,"date":"2014-05-07T17:13:45","date_gmt":"2014-05-07T15:13:45","guid":{"rendered":"https:\/\/doctorfernandopifarre.com\/aparicions-en-mitjans\/"},"modified":"2023-02-06T21:43:06","modified_gmt":"2023-02-06T20:43:06","slug":"aparicions-en-mitjans","status":"publish","type":"page","link":"https:\/\/doctorfernandopifarre.com\/es\/aparicions-en-mitjans\/","title":{"rendered":"Aparicions en mitjans"},"content":{"rendered":"<div class=\"wpb-content-wrapper\"><p>[vc_row css_animation=\u00bb\u00bb row_type=\u00bbrow\u00bb use_row_as_full_screen_section=\u00bbno\u00bb type=\u00bbfull_width\u00bb angled_section=\u00bbno\u00bb text_align=\u00bbleft\u00bb background_image_as_pattern=\u00bbwithout_pattern\u00bb][vc_column]<div class='q_masonry_blog'><div class=\"q_masonry_blog_grid_sizer\"><\/div><div class=\"q_masonry_blog_grid_gutter\"><\/div><article class=\"post-3626 post type-post status-publish format-standard has-post-thumbnail hentry category-apariciones-en-medios\"><div class=\"q_masonry_blog_post_image\"><a itemprop=\"url\" href=\"https:\/\/doctorfernandopifarre.com\/es\/cientifics-de-lleida-descobreixen-un-marcador-que-permet-diagnosticar-la-fatiga-cronics\/\" target=\"_self\"><img decoding=\"async\" itemprop=\"image\" src=\"https:\/\/doctorfernandopifarre.com\/wp-content\/uploads\/2017\/11\/COMUNCIACI\u00d3.jpg\" alt=\"\" \/><\/a><\/div><div class=\"q_masonry_blog_post_text\"><h3 itemprop=\"name\" class=\"q_masonry_blog_title entry_title\"><a itemprop=\"url\" href=\"https:\/\/doctorfernandopifarre.com\/es\/cientifics-de-lleida-descobreixen-un-marcador-que-permet-diagnosticar-la-fatiga-cronics\/\">Cient\u00edfics de Lleida descobreixen un marcador que permet diagnosticar la fatiga cr\u00f2nics<\/a><\/h3><p itemprop=\"description\" class=\"q_masonry_blog_excerpt\">...<\/p><div class=\"q_masonry_blog_post_info\"><\/div><\/div><\/article><article class=\"post-4106 post type-post status-publish format-standard has-post-thumbnail hentry category-apariciones-en-medios\"><div class=\"q_masonry_blog_post_image\"><a itemprop=\"url\" href=\"https:\/\/doctorfernandopifarre.com\/es\/de-la-india-al-dakar\/\" target=\"_self\"><img decoding=\"async\" itemprop=\"image\" src=\"https:\/\/doctorfernandopifarre.com\/wp-content\/uploads\/2023\/04\/proves-desforc-pilots-de-la-india.jpg\" alt=\"\" \/><\/a><\/div><div class=\"q_masonry_blog_post_text\"><h3 itemprop=\"name\" class=\"q_masonry_blog_title entry_title\"><a itemprop=\"url\" href=\"https:\/\/doctorfernandopifarre.com\/es\/de-la-india-al-dakar\/\">De la \u00cdndia al Dakar<\/a><\/h3><p itemprop=\"description\" class=\"q_masonry_blog_excerpt\">[vc_row css_animation...<\/p><div class=\"q_masonry_blog_post_info\"><\/div><\/div><\/article><article class=\"post-3636 post type-post status-publish format-standard has-post-thumbnail hentry category-apariciones-en-medios\"><div class=\"q_masonry_blog_post_image\"><a itemprop=\"url\" href=\"https:\/\/doctorfernandopifarre.com\/es\/el-cadi-la-seu-se-somete-a-las-revisiones-medicas-en-lleida\/\" target=\"_self\"><img decoding=\"async\" itemprop=\"image\" src=\"https:\/\/doctorfernandopifarre.com\/wp-content\/uploads\/2014\/06\/revisions.jpg\" alt=\"\" \/><\/a><\/div><div class=\"q_masonry_blog_post_text\"><h3 itemprop=\"name\" class=\"q_masonry_blog_title entry_title\"><a itemprop=\"url\" href=\"https:\/\/doctorfernandopifarre.com\/es\/el-cadi-la-seu-se-somete-a-las-revisiones-medicas-en-lleida\/\">El Cad\u00ed la Seu se somete a las revisiones m\u00e9dicas en Lleida<\/a><\/h3><p itemprop=\"description\" class=\"q_masonry_blog_excerpt\">El Centro de Medicina...<\/p><div class=\"q_masonry_blog_post_info\"><\/div><\/div><\/article><article class=\"post-3634 post type-post status-publish format-standard has-post-thumbnail hentry category-apariciones-en-medios\"><div class=\"q_masonry_blog_post_image\"><a itemprop=\"url\" href=\"https:\/\/doctorfernandopifarre.com\/es\/el-leridano-estrada-apunta-a-internacional\/\" target=\"_self\"><img decoding=\"async\" itemprop=\"image\" src=\"https:\/\/doctorfernandopifarre.com\/wp-content\/uploads\/2013\/01\/estrada.jpg\" alt=\"\" \/><\/a><\/div><div class=\"q_masonry_blog_post_text\"><h3 itemprop=\"name\" class=\"q_masonry_blog_title entry_title\"><a itemprop=\"url\" href=\"https:\/\/doctorfernandopifarre.com\/es\/el-leridano-estrada-apunta-a-internacional\/\">El leridano Estrada apunta a internacional<\/a><\/h3><p itemprop=\"description\" class=\"q_masonry_blog_excerpt\">Al terminar la tempor...<\/p><div class=\"q_masonry_blog_post_info\"><\/div><\/div><\/article><article class=\"post-3635 post type-post status-publish format-standard has-post-thumbnail hentry category-apariciones-en-medios\"><div class=\"q_masonry_blog_post_image\"><a itemprop=\"url\" href=\"https:\/\/doctorfernandopifarre.com\/es\/evitando-muertes-repentinas\/\" target=\"_self\"><img decoding=\"async\" itemprop=\"image\" src=\"https:\/\/doctorfernandopifarre.com\/wp-content\/uploads\/2014\/06\/evitant-morts-sobtades.jpg\" alt=\"\" \/><\/a><\/div><div class=\"q_masonry_blog_post_text\"><h3 itemprop=\"name\" class=\"q_masonry_blog_title entry_title\"><a itemprop=\"url\" href=\"https:\/\/doctorfernandopifarre.com\/es\/evitando-muertes-repentinas\/\">Evitando muertes repentinas<\/a><\/h3><p itemprop=\"description\" class=\"q_masonry_blog_excerpt\">El doctor Fernando Pi...<\/p><div class=\"q_masonry_blog_post_info\"><\/div><\/div><\/article><article class=\"post-3637 post type-post status-publish format-standard has-post-thumbnail hentry category-apariciones-en-medios\"><div class=\"q_masonry_blog_post_image\"><a itemprop=\"url\" href=\"https:\/\/doctorfernandopifarre.com\/es\/la-plantilla-del-cadi-la-seu-pasa-revision-medica-en-el-centro-de-medicina-del-deporte-de-lleida\/\" target=\"_self\"><img decoding=\"async\" itemprop=\"image\" src=\"https:\/\/doctorfernandopifarre.com\/wp-content\/uploads\/2014\/06\/plantilla-cadi.jpg\" alt=\"\" \/><\/a><\/div><div class=\"q_masonry_blog_post_text\"><h3 itemprop=\"name\" class=\"q_masonry_blog_title entry_title\"><a itemprop=\"url\" href=\"https:\/\/doctorfernandopifarre.com\/es\/la-plantilla-del-cadi-la-seu-pasa-revision-medica-en-el-centro-de-medicina-del-deporte-de-lleida\/\">La plantilla del Cadi la Seu pasa revisi\u00f3n m\u00e9dica en el Centro de Medicina del Deporte de Lleida<\/a><\/h3><p itemprop=\"description\" class=\"q_masonry_blog_excerpt\">El Centro de Medicina...<\/p><div class=\"q_masonry_blog_post_info\"><\/div><\/div><\/article><article class=\"post-3633 post type-post status-publish format-standard has-post-thumbnail hentry category-apariciones-en-medios\"><div class=\"q_masonry_blog_post_image\"><a itemprop=\"url\" href=\"https:\/\/doctorfernandopifarre.com\/es\/lleida-pionera-del-dakar\/\" target=\"_self\"><img decoding=\"async\" itemprop=\"image\" src=\"https:\/\/doctorfernandopifarre.com\/wp-content\/uploads\/2013\/02\/dakar.jpg\" alt=\"\" \/><\/a><\/div><div class=\"q_masonry_blog_post_text\"><h3 itemprop=\"name\" class=\"q_masonry_blog_title entry_title\"><a itemprop=\"url\" href=\"https:\/\/doctorfernandopifarre.com\/es\/lleida-pionera-del-dakar\/\">Lleida Pionera del Dakar<\/a><\/h3><p itemprop=\"description\" class=\"q_masonry_blog_excerpt\">Un estudio del INEFC ...<\/p><div class=\"q_masonry_blog_post_info\"><\/div><\/div><\/article><article class=\"post-3630 post type-post status-publish format-standard has-post-thumbnail hentry category-apariciones-en-medios\"><div class=\"q_masonry_blog_post_image\"><a itemprop=\"url\" href=\"https:\/\/doctorfernandopifarre.com\/es\/pruebas-medicas-a-los-piraguistas\/\" target=\"_self\"><img decoding=\"async\" itemprop=\"image\" src=\"https:\/\/doctorfernandopifarre.com\/wp-content\/uploads\/2013\/04\/piraguistes.jpg\" alt=\"\" \/><\/a><\/div><div class=\"q_masonry_blog_post_text\"><h3 itemprop=\"name\" class=\"q_masonry_blog_title entry_title\"><a itemprop=\"url\" href=\"https:\/\/doctorfernandopifarre.com\/es\/pruebas-medicas-a-los-piraguistas\/\">Pruebas m\u00e9dicas a los pirag\u00fcistas<\/a><\/h3><p itemprop=\"description\" class=\"q_masonry_blog_excerpt\">&nbsp; &nbsp; &nbsp; ...<\/p><div class=\"q_masonry_blog_post_info\"><\/div><\/div><\/article><article class=\"post-6185 post type-post status-publish format-standard has-post-thumbnail hentry category-apariciones-en-medios category-noticias tag-club-basquet tag-doctor-fernando-pifarre tag-hiopos-lleida tag-mi-nova-alianca tag-revisiones-deportivas\"><div class=\"q_masonry_blog_post_image\"><a itemprop=\"url\" href=\"https:\/\/doctorfernandopifarre.com\/es\/revisiones-deportivas-hiopos-lleida\/\" target=\"_self\"><img decoding=\"async\" itemprop=\"image\" src=\"https:\/\/doctorfernandopifarre.com\/wp-content\/uploads\/2025\/09\/Prueba-de-esfuerzo-con-gases.webp\" alt=\"Prueba de esfuerzo con gases\" \/><\/a><\/div><div class=\"q_masonry_blog_post_text\"><h3 itemprop=\"name\" class=\"q_masonry_blog_title entry_title\"><a itemprop=\"url\" href=\"https:\/\/doctorfernandopifarre.com\/es\/revisiones-deportivas-hiopos-lleida\/\">Revisiones Deportivas Hiopos Lleida<\/a><\/h3><p itemprop=\"description\" class=\"q_masonry_blog_excerpt\">[vc_row css_animation...<\/p><div class=\"q_masonry_blog_post_info\"><\/div><\/div><\/article><article class=\"post-3631 post type-post status-publish format-standard has-post-thumbnail hentry category-apariciones-en-medios\"><div class=\"q_masonry_blog_post_image\"><a itemprop=\"url\" href=\"https:\/\/doctorfernandopifarre.com\/es\/revisiones-medicas-preventivas-para-las-jugadoras-del-cadi-la-seu\/\" target=\"_self\"><img decoding=\"async\" itemprop=\"image\" src=\"https:\/\/doctorfernandopifarre.com\/wp-content\/uploads\/2013\/04\/jugadores.jpg\" alt=\"\" \/><\/a><\/div><div class=\"q_masonry_blog_post_text\"><h3 itemprop=\"name\" class=\"q_masonry_blog_title entry_title\"><a itemprop=\"url\" href=\"https:\/\/doctorfernandopifarre.com\/es\/revisiones-medicas-preventivas-para-las-jugadoras-del-cadi-la-seu\/\">Revisiones m\u00e9dicas preventivas para las jugadoras del Cad\u00ed la Seu<\/a><\/h3><p itemprop=\"description\" class=\"q_masonry_blog_excerpt\">Las jugadoras extranj...<\/p><div class=\"q_masonry_blog_post_info\"><\/div><\/div><\/article><article class=\"post-3628 post type-post status-publish format-standard has-post-thumbnail hentry category-apariciones-en-medios\"><div class=\"q_masonry_blog_post_image\"><a itemprop=\"url\" href=\"https:\/\/doctorfernandopifarre.com\/es\/superdotada-del-deporte\/\" target=\"_self\"><img decoding=\"async\" itemprop=\"image\" src=\"https:\/\/doctorfernandopifarre.com\/wp-content\/uploads\/2013\/09\/superdotada-esport.jpg\" alt=\"\" \/><\/a><\/div><div class=\"q_masonry_blog_post_text\"><h3 itemprop=\"name\" class=\"q_masonry_blog_title entry_title\"><a itemprop=\"url\" href=\"https:\/\/doctorfernandopifarre.com\/es\/superdotada-del-deporte\/\">Superdotada del deporte<\/a><\/h3><p itemprop=\"description\" class=\"q_masonry_blog_excerpt\">Un estudio revela que...<\/p><div class=\"q_masonry_blog_post_info\"><\/div><\/div><\/article><article class=\"post-3632 post type-post status-publish format-standard has-post-thumbnail hentry category-apariciones-en-medios\"><div class=\"q_masonry_blog_post_image\"><a itemprop=\"url\" href=\"https:\/\/doctorfernandopifarre.com\/es\/tecnologia-del-car-de-sant-cugat-para-el-cadi-icg-la-seu\/\" target=\"_self\"><img decoding=\"async\" itemprop=\"image\" src=\"https:\/\/doctorfernandopifarre.com\/wp-content\/uploads\/2013\/04\/car.jpg\" alt=\"\" \/><\/a><\/div><div class=\"q_masonry_blog_post_text\"><h3 itemprop=\"name\" class=\"q_masonry_blog_title entry_title\"><a itemprop=\"url\" href=\"https:\/\/doctorfernandopifarre.com\/es\/tecnologia-del-car-de-sant-cugat-para-el-cadi-icg-la-seu\/\">Tecnolog\u00eda del CAR de Sant Cugat para el Cadi ICG La Seu<\/a><\/h3><p itemprop=\"description\" class=\"q_masonry_blog_excerpt\">Las jugadoras del Cad...<\/p><div class=\"q_masonry_blog_post_info\"><\/div><\/div><\/article><article class=\"post-3629 post type-post status-publish format-standard has-post-thumbnail hentry category-apariciones-en-medios\"><div class=\"q_masonry_blog_post_image\"><a itemprop=\"url\" href=\"https:\/\/doctorfernandopifarre.com\/es\/un-atleta-de-laboratorio\/\" target=\"_self\"><img decoding=\"async\" itemprop=\"image\" src=\"https:\/\/doctorfernandopifarre.com\/wp-content\/uploads\/2013\/11\/laboratori.jpg\" alt=\"\" \/><\/a><\/div><div class=\"q_masonry_blog_post_text\"><h3 itemprop=\"name\" class=\"q_masonry_blog_title entry_title\"><a itemprop=\"url\" href=\"https:\/\/doctorfernandopifarre.com\/es\/un-atleta-de-laboratorio\/\">Un atleta de laboratorio<\/a><\/h3><p itemprop=\"description\" class=\"q_masonry_blog_excerpt\">Ayad Lamdassem se sor...<\/p><div class=\"q_masonry_blog_post_info\"><\/div><\/div><\/article><article class=\"post-3627 post type-post status-publish format-standard has-post-thumbnail hentry category-apariciones-en-medios\"><div class=\"q_masonry_blog_post_image\"><a itemprop=\"url\" href=\"https:\/\/doctorfernandopifarre.com\/es\/viviendo-un-mes-en-las-alturas\/\" target=\"_self\"><img decoding=\"async\" itemprop=\"image\" src=\"https:\/\/doctorfernandopifarre.com\/wp-content\/uploads\/2013\/03\/vivint.jpg\" alt=\"\" \/><\/a><\/div><div class=\"q_masonry_blog_post_text\"><h3 itemprop=\"name\" class=\"q_masonry_blog_title entry_title\"><a itemprop=\"url\" href=\"https:\/\/doctorfernandopifarre.com\/es\/viviendo-un-mes-en-las-alturas\/\">Viviendo un mes en las alturas<\/a><\/h3><p itemprop=\"description\" class=\"q_masonry_blog_excerpt\">Juanjo Garra supera u...<\/p><div class=\"q_masonry_blog_post_info\"><\/div><\/div><\/article><article class=\"post-3647 post type-post status-publish format-standard has-post-thumbnail hentry category-apariciones-en-medios\"><div class=\"q_masonry_blog_post_image\"><a itemprop=\"url\" href=\"https:\/\/doctorfernandopifarre.com\/es\/xavier-estrada-se-cura-en-salud-para-prevenir-futuras-lesiones\/\" target=\"_self\"><img decoding=\"async\" itemprop=\"image\" src=\"https:\/\/doctorfernandopifarre.com\/wp-content\/uploads\/2014\/06\/futuras-lesiones.jpg\" alt=\"\" \/><\/a><\/div><div class=\"q_masonry_blog_post_text\"><h3 itemprop=\"name\" class=\"q_masonry_blog_title entry_title\"><a itemprop=\"url\" href=\"https:\/\/doctorfernandopifarre.com\/es\/xavier-estrada-se-cura-en-salud-para-prevenir-futuras-lesiones\/\">Xavier Estrada se cura en salud para prevenir futuras lesiones<\/a><\/h3><p itemprop=\"description\" class=\"q_masonry_blog_excerpt\">El colegiado pasa un ...<\/p><div class=\"q_masonry_blog_post_info\"><\/div><\/div><\/article><\/div>[\/vc_column][\/vc_row]<\/p>\n<\/div>","protected":false},"excerpt":{"rendered":"<p>[vc_row css_animation=\u00bb\u00bb row_type=\u00bbrow\u00bb use_row_as_full_screen_section=\u00bbno\u00bb type=\u00bbfull_width\u00bb angled_section=\u00bbno\u00bb text_align=\u00bbleft\u00bb background_image_as_pattern=\u00bbwithout_pattern\u00bb][vc_column][\/vc_column][\/vc_row]<\/p>\n","protected":false},"author":1,"featured_media":0,"parent":0,"menu_order":0,"comment_status":"open","ping_status":"open","template":"","meta":{"footnotes":""},"class_list":["post-3622","page","type-page","status-publish","hentry"],"yoast_head":"<!-- This site is optimized with the Yoast SEO plugin v27.2 - https:\/\/yoast.com\/product\/yoast-seo-wordpress\/ -->\n<title>Aparicions en mitjans - Doctor Fernando Pifarr\u00e9<\/title>\n<meta name=\"robots\" content=\"index, follow, max-snippet:-1, max-image-preview:large, max-video-preview:-1\" \/>\n<link rel=\"canonical\" href=\"https:\/\/doctorfernandopifarre.com\/es\/aparicions-en-mitjans\/\" \/>\n<meta property=\"og:locale\" content=\"es_ES\" \/>\n<meta property=\"og:type\" content=\"article\" \/>\n<meta property=\"og:title\" content=\"Aparicions en mitjans - Doctor Fernando Pifarr\u00e9\" \/>\n<meta property=\"og:description\" content=\"[vc_row css_animation=\u00bb\u00bb row_type=\u00bbrow\u00bb use_row_as_full_screen_section=\u00bbno\u00bb type=\u00bbfull_width\u00bb angled_section=\u00bbno\u00bb text_align=\u00bbleft\u00bb background_image_as_pattern=\u00bbwithout_pattern\u00bb][vc_column][\/vc_column][\/vc_row]\" \/>\n<meta property=\"og:url\" content=\"https:\/\/doctorfernandopifarre.com\/es\/aparicions-en-mitjans\/\" \/>\n<meta property=\"og:site_name\" content=\"Doctor Fernando Pifarr\u00e9\" \/>\n<meta property=\"article:modified_time\" content=\"2023-02-06T20:43:06+00:00\" \/>\n<meta property=\"og:image\" content=\"https:\/\/doctorfernandopifarre.com\/wp-content\/uploads\/2023\/02\/doctor-fernando-pifarre-logo.jpg\" \/>\n\t<meta property=\"og:image:width\" content=\"433\" \/>\n\t<meta property=\"og:image:height\" content=\"101\" \/>\n\t<meta property=\"og:image:type\" content=\"image\/jpeg\" \/>\n<meta name=\"twitter:card\" content=\"summary_large_image\" \/>\n<meta name=\"twitter:site\" content=\"@fernandopifarre\" \/>\n<script type=\"application\/ld+json\" class=\"yoast-schema-graph\">{\"@context\":\"https:\/\/schema.org\",\"@graph\":[{\"@type\":\"WebPage\",\"@id\":\"https:\/\/doctorfernandopifarre.com\/es\/aparicions-en-mitjans\/\",\"url\":\"https:\/\/doctorfernandopifarre.com\/es\/aparicions-en-mitjans\/\",\"name\":\"Aparicions en mitjans - Doctor Fernando Pifarr\u00e9\",\"isPartOf\":{\"@id\":\"https:\/\/doctorfernandopifarre.com\/es\/#website\"},\"datePublished\":\"2014-05-07T15:13:45+00:00\",\"dateModified\":\"2023-02-06T20:43:06+00:00\",\"breadcrumb\":{\"@id\":\"https:\/\/doctorfernandopifarre.com\/es\/aparicions-en-mitjans\/#breadcrumb\"},\"inLanguage\":\"es\",\"potentialAction\":[{\"@type\":\"ReadAction\",\"target\":[\"https:\/\/doctorfernandopifarre.com\/es\/aparicions-en-mitjans\/\"]}]},{\"@type\":\"BreadcrumbList\",\"@id\":\"https:\/\/doctorfernandopifarre.com\/es\/aparicions-en-mitjans\/#breadcrumb\",\"itemListElement\":[{\"@type\":\"ListItem\",\"position\":1,\"name\":\"Inici\",\"item\":\"https:\/\/doctorfernandopifarre.com\/es\/\"},{\"@type\":\"ListItem\",\"position\":2,\"name\":\"Aparicions en mitjans\"}]},{\"@type\":\"WebSite\",\"@id\":\"https:\/\/doctorfernandopifarre.com\/es\/#website\",\"url\":\"https:\/\/doctorfernandopifarre.com\/es\/\",\"name\":\"Doctor Fernando Pifarr\u00e9\",\"description\":\"Pod\u00f3logo en L\u00e9rida Dr Fernando Pifarre, contamos con un equipo de profesionales de la podolog\u00eda y revisiones deportivas con amplia experiencia.\",\"publisher\":{\"@id\":\"https:\/\/doctorfernandopifarre.com\/es\/#\/schema\/person\/cb8a61302a753c52201b00abd0ccc993\"},\"potentialAction\":[{\"@type\":\"SearchAction\",\"target\":{\"@type\":\"EntryPoint\",\"urlTemplate\":\"https:\/\/doctorfernandopifarre.com\/es\/?s={search_term_string}\"},\"query-input\":{\"@type\":\"PropertyValueSpecification\",\"valueRequired\":true,\"valueName\":\"search_term_string\"}}],\"inLanguage\":\"es\"},{\"@type\":[\"Person\",\"Organization\"],\"@id\":\"https:\/\/doctorfernandopifarre.com\/es\/#\/schema\/person\/cb8a61302a753c52201b00abd0ccc993\",\"name\":\"fpifarre\",\"image\":{\"@type\":\"ImageObject\",\"inLanguage\":\"es\",\"@id\":\"https:\/\/doctorfernandopifarre.com\/wp-content\/uploads\/2023\/02\/favicon.png\",\"url\":\"https:\/\/doctorfernandopifarre.com\/wp-content\/uploads\/2023\/02\/favicon.png\",\"contentUrl\":\"https:\/\/doctorfernandopifarre.com\/wp-content\/uploads\/2023\/02\/favicon.png\",\"width\":366,\"height\":502,\"caption\":\"fpifarre\"},\"logo\":{\"@id\":\"https:\/\/doctorfernandopifarre.com\/wp-content\/uploads\/2023\/02\/favicon.png\"},\"description\":\"Dr. en Medicina i Cirurgia (Facultat medicina UdL) metge especialista via MIR en medicina del'educaci\u00f3 f\u00edsica i l'esport (Hospital Cl\u00ednic. Barcelona). Diplomat Universitari en Podologia (UB. Campus de Bellvitge). T\u00e8cnic ortop\u00e8dic oficial (UB. Hospital Cl\u00ednic Barcelona). Cap del servei Medicina Esportiva. Generalitat Catalunya a Lleida. CAP 11 de Setembre Professor Biomec\u00e0nica. (UdL. Universitat Central de Catalunya)\",\"sameAs\":[\"http:\/\/doctorfernandopifarre.com\"]}]}<\/script>\n<!-- \/ Yoast SEO plugin. -->","yoast_head_json":{"title":"Aparicions en mitjans - Doctor Fernando Pifarr\u00e9","robots":{"index":"index","follow":"follow","max-snippet":"max-snippet:-1","max-image-preview":"max-image-preview:large","max-video-preview":"max-video-preview:-1"},"canonical":"https:\/\/doctorfernandopifarre.com\/es\/aparicions-en-mitjans\/","og_locale":"es_ES","og_type":"article","og_title":"Aparicions en mitjans - Doctor Fernando Pifarr\u00e9","og_description":"[vc_row css_animation=\u00bb\u00bb row_type=\u00bbrow\u00bb use_row_as_full_screen_section=\u00bbno\u00bb type=\u00bbfull_width\u00bb angled_section=\u00bbno\u00bb text_align=\u00bbleft\u00bb background_image_as_pattern=\u00bbwithout_pattern\u00bb][vc_column][\/vc_column][\/vc_row]","og_url":"https:\/\/doctorfernandopifarre.com\/es\/aparicions-en-mitjans\/","og_site_name":"Doctor Fernando Pifarr\u00e9","article_modified_time":"2023-02-06T20:43:06+00:00","og_image":[{"width":433,"height":101,"url":"https:\/\/doctorfernandopifarre.com\/wp-content\/uploads\/2023\/02\/doctor-fernando-pifarre-logo.jpg","type":"image\/jpeg"}],"twitter_card":"summary_large_image","twitter_site":"@fernandopifarre","schema":{"@context":"https:\/\/schema.org","@graph":[{"@type":"WebPage","@id":"https:\/\/doctorfernandopifarre.com\/es\/aparicions-en-mitjans\/","url":"https:\/\/doctorfernandopifarre.com\/es\/aparicions-en-mitjans\/","name":"Aparicions en mitjans - Doctor Fernando Pifarr\u00e9","isPartOf":{"@id":"https:\/\/doctorfernandopifarre.com\/es\/#website"},"datePublished":"2014-05-07T15:13:45+00:00","dateModified":"2023-02-06T20:43:06+00:00","breadcrumb":{"@id":"https:\/\/doctorfernandopifarre.com\/es\/aparicions-en-mitjans\/#breadcrumb"},"inLanguage":"es","potentialAction":[{"@type":"ReadAction","target":["https:\/\/doctorfernandopifarre.com\/es\/aparicions-en-mitjans\/"]}]},{"@type":"BreadcrumbList","@id":"https:\/\/doctorfernandopifarre.com\/es\/aparicions-en-mitjans\/#breadcrumb","itemListElement":[{"@type":"ListItem","position":1,"name":"Inici","item":"https:\/\/doctorfernandopifarre.com\/es\/"},{"@type":"ListItem","position":2,"name":"Aparicions en mitjans"}]},{"@type":"WebSite","@id":"https:\/\/doctorfernandopifarre.com\/es\/#website","url":"https:\/\/doctorfernandopifarre.com\/es\/","name":"Doctor Fernando Pifarr\u00e9","description":"Pod\u00f3logo en L\u00e9rida Dr Fernando Pifarre, contamos con un equipo de profesionales de la podolog\u00eda y revisiones deportivas con amplia experiencia.","publisher":{"@id":"https:\/\/doctorfernandopifarre.com\/es\/#\/schema\/person\/cb8a61302a753c52201b00abd0ccc993"},"potentialAction":[{"@type":"SearchAction","target":{"@type":"EntryPoint","urlTemplate":"https:\/\/doctorfernandopifarre.com\/es\/?s={search_term_string}"},"query-input":{"@type":"PropertyValueSpecification","valueRequired":true,"valueName":"search_term_string"}}],"inLanguage":"es"},{"@type":["Person","Organization"],"@id":"https:\/\/doctorfernandopifarre.com\/es\/#\/schema\/person\/cb8a61302a753c52201b00abd0ccc993","name":"fpifarre","image":{"@type":"ImageObject","inLanguage":"es","@id":"https:\/\/doctorfernandopifarre.com\/wp-content\/uploads\/2023\/02\/favicon.png","url":"https:\/\/doctorfernandopifarre.com\/wp-content\/uploads\/2023\/02\/favicon.png","contentUrl":"https:\/\/doctorfernandopifarre.com\/wp-content\/uploads\/2023\/02\/favicon.png","width":366,"height":502,"caption":"fpifarre"},"logo":{"@id":"https:\/\/doctorfernandopifarre.com\/wp-content\/uploads\/2023\/02\/favicon.png"},"description":"Dr. en Medicina i Cirurgia (Facultat medicina UdL) metge especialista via MIR en medicina del'educaci\u00f3 f\u00edsica i l'esport (Hospital Cl\u00ednic. Barcelona). Diplomat Universitari en Podologia (UB. Campus de Bellvitge). T\u00e8cnic ortop\u00e8dic oficial (UB. Hospital Cl\u00ednic Barcelona). Cap del servei Medicina Esportiva. Generalitat Catalunya a Lleida. CAP 11 de Setembre Professor Biomec\u00e0nica. (UdL. Universitat Central de Catalunya)","sameAs":["http:\/\/doctorfernandopifarre.com"]}]}},"_links":{"self":[{"href":"https:\/\/doctorfernandopifarre.com\/es\/wp-json\/wp\/v2\/pages\/3622","targetHints":{"allow":["GET"]}}],"collection":[{"href":"https:\/\/doctorfernandopifarre.com\/es\/wp-json\/wp\/v2\/pages"}],"about":[{"href":"https:\/\/doctorfernandopifarre.com\/es\/wp-json\/wp\/v2\/types\/page"}],"author":[{"embeddable":true,"href":"https:\/\/doctorfernandopifarre.com\/es\/wp-json\/wp\/v2\/users\/1"}],"replies":[{"embeddable":true,"href":"https:\/\/doctorfernandopifarre.com\/es\/wp-json\/wp\/v2\/comments?post=3622"}],"version-history":[{"count":0,"href":"https:\/\/doctorfernandopifarre.com\/es\/wp-json\/wp\/v2\/pages\/3622\/revisions"}],"wp:attachment":[{"href":"https:\/\/doctorfernandopifarre.com\/es\/wp-json\/wp\/v2\/media?parent=3622"}],"curies":[{"name":"wp","href":"https:\/\/api.w.org\/{rel}","templated":true}]}}