{"id":3649,"date":"2013-06-02T09:08:47","date_gmt":"2013-06-02T07:08:47","guid":{"rendered":"https:\/\/doctorfernandopifarre.com\/articulos-propios\/"},"modified":"2013-06-02T09:08:47","modified_gmt":"2013-06-02T07:08:47","slug":"articulos-propios","status":"publish","type":"page","link":"https:\/\/doctorfernandopifarre.com\/es\/articulos-propios\/","title":{"rendered":"Articulos propios"},"content":{"rendered":"","protected":false},"excerpt":{"rendered":"","protected":false},"author":1,"featured_media":0,"parent":0,"menu_order":0,"comment_status":"open","ping_status":"closed","template":"","meta":{"footnotes":""},"class_list":["post-3649","page","type-page","status-publish","hentry"],"yoast_head":"<!-- This site is optimized with the Yoast SEO plugin v27.2 - https:\/\/yoast.com\/product\/yoast-seo-wordpress\/ -->\n<title>Articulos propios - Doctor Fernando Pifarr\u00e9<\/title>\n<meta name=\"robots\" content=\"index, follow, max-snippet:-1, max-image-preview:large, max-video-preview:-1\" \/>\n<link rel=\"canonical\" href=\"https:\/\/doctorfernandopifarre.com\/es\/articulos-propios\/\" \/>\n<meta property=\"og:locale\" content=\"es_ES\" \/>\n<meta property=\"og:type\" content=\"article\" \/>\n<meta property=\"og:title\" content=\"Articulos propios - Doctor Fernando Pifarr\u00e9\" \/>\n<meta property=\"og:url\" content=\"https:\/\/doctorfernandopifarre.com\/es\/articulos-propios\/\" \/>\n<meta property=\"og:site_name\" content=\"Doctor Fernando Pifarr\u00e9\" \/>\n<meta property=\"og:image\" content=\"https:\/\/doctorfernandopifarre.com\/wp-content\/uploads\/2023\/02\/doctor-fernando-pifarre-logo.jpg\" \/>\n\t<meta property=\"og:image:width\" content=\"433\" \/>\n\t<meta property=\"og:image:height\" content=\"101\" \/>\n\t<meta property=\"og:image:type\" content=\"image\/jpeg\" \/>\n<meta name=\"twitter:card\" content=\"summary_large_image\" \/>\n<meta name=\"twitter:site\" content=\"@fernandopifarre\" \/>\n<script type=\"application\/ld+json\" class=\"yoast-schema-graph\">{\"@context\":\"https:\/\/schema.org\",\"@graph\":[{\"@type\":\"WebPage\",\"@id\":\"https:\/\/doctorfernandopifarre.com\/es\/articulos-propios\/\",\"url\":\"https:\/\/doctorfernandopifarre.com\/es\/articulos-propios\/\",\"name\":\"Articulos propios - Doctor Fernando Pifarr\u00e9\",\"isPartOf\":{\"@id\":\"https:\/\/doctorfernandopifarre.com\/es\/#website\"},\"datePublished\":\"2013-06-02T07:08:47+00:00\",\"breadcrumb\":{\"@id\":\"https:\/\/doctorfernandopifarre.com\/es\/articulos-propios\/#breadcrumb\"},\"inLanguage\":\"es\",\"potentialAction\":[{\"@type\":\"ReadAction\",\"target\":[\"https:\/\/doctorfernandopifarre.com\/es\/articulos-propios\/\"]}]},{\"@type\":\"BreadcrumbList\",\"@id\":\"https:\/\/doctorfernandopifarre.com\/es\/articulos-propios\/#breadcrumb\",\"itemListElement\":[{\"@type\":\"ListItem\",\"position\":1,\"name\":\"Inici\",\"item\":\"https:\/\/doctorfernandopifarre.com\/es\/\"},{\"@type\":\"ListItem\",\"position\":2,\"name\":\"Articulos propios\"}]},{\"@type\":\"WebSite\",\"@id\":\"https:\/\/doctorfernandopifarre.com\/es\/#website\",\"url\":\"https:\/\/doctorfernandopifarre.com\/es\/\",\"name\":\"Doctor Fernando Pifarr\u00e9\",\"description\":\"Pod\u00f3logo en L\u00e9rida Dr Fernando Pifarre, contamos con un equipo de profesionales de la podolog\u00eda y revisiones deportivas con amplia experiencia.\",\"publisher\":{\"@id\":\"https:\/\/doctorfernandopifarre.com\/es\/#\/schema\/person\/cb8a61302a753c52201b00abd0ccc993\"},\"potentialAction\":[{\"@type\":\"SearchAction\",\"target\":{\"@type\":\"EntryPoint\",\"urlTemplate\":\"https:\/\/doctorfernandopifarre.com\/es\/?s={search_term_string}\"},\"query-input\":{\"@type\":\"PropertyValueSpecification\",\"valueRequired\":true,\"valueName\":\"search_term_string\"}}],\"inLanguage\":\"es\"},{\"@type\":[\"Person\",\"Organization\"],\"@id\":\"https:\/\/doctorfernandopifarre.com\/es\/#\/schema\/person\/cb8a61302a753c52201b00abd0ccc993\",\"name\":\"fpifarre\",\"image\":{\"@type\":\"ImageObject\",\"inLanguage\":\"es\",\"@id\":\"https:\/\/doctorfernandopifarre.com\/wp-content\/uploads\/2023\/02\/favicon.png\",\"url\":\"https:\/\/doctorfernandopifarre.com\/wp-content\/uploads\/2023\/02\/favicon.png\",\"contentUrl\":\"https:\/\/doctorfernandopifarre.com\/wp-content\/uploads\/2023\/02\/favicon.png\",\"width\":366,\"height\":502,\"caption\":\"fpifarre\"},\"logo\":{\"@id\":\"https:\/\/doctorfernandopifarre.com\/wp-content\/uploads\/2023\/02\/favicon.png\"},\"description\":\"Dr. en Medicina i Cirurgia (Facultat medicina UdL) metge especialista via MIR en medicina del'educaci\u00f3 f\u00edsica i l'esport (Hospital Cl\u00ednic. Barcelona). Diplomat Universitari en Podologia (UB. Campus de Bellvitge). T\u00e8cnic ortop\u00e8dic oficial (UB. Hospital Cl\u00ednic Barcelona). Cap del servei Medicina Esportiva. Generalitat Catalunya a Lleida. CAP 11 de Setembre Professor Biomec\u00e0nica. (UdL. Universitat Central de Catalunya)\",\"sameAs\":[\"http:\/\/doctorfernandopifarre.com\"]}]}<\/script>\n<!-- \/ Yoast SEO plugin. -->","yoast_head_json":{"title":"Articulos propios - Doctor Fernando Pifarr\u00e9","robots":{"index":"index","follow":"follow","max-snippet":"max-snippet:-1","max-image-preview":"max-image-preview:large","max-video-preview":"max-video-preview:-1"},"canonical":"https:\/\/doctorfernandopifarre.com\/es\/articulos-propios\/","og_locale":"es_ES","og_type":"article","og_title":"Articulos propios - Doctor Fernando Pifarr\u00e9","og_url":"https:\/\/doctorfernandopifarre.com\/es\/articulos-propios\/","og_site_name":"Doctor Fernando Pifarr\u00e9","og_image":[{"width":433,"height":101,"url":"https:\/\/doctorfernandopifarre.com\/wp-content\/uploads\/2023\/02\/doctor-fernando-pifarre-logo.jpg","type":"image\/jpeg"}],"twitter_card":"summary_large_image","twitter_site":"@fernandopifarre","schema":{"@context":"https:\/\/schema.org","@graph":[{"@type":"WebPage","@id":"https:\/\/doctorfernandopifarre.com\/es\/articulos-propios\/","url":"https:\/\/doctorfernandopifarre.com\/es\/articulos-propios\/","name":"Articulos propios - Doctor Fernando Pifarr\u00e9","isPartOf":{"@id":"https:\/\/doctorfernandopifarre.com\/es\/#website"},"datePublished":"2013-06-02T07:08:47+00:00","breadcrumb":{"@id":"https:\/\/doctorfernandopifarre.com\/es\/articulos-propios\/#breadcrumb"},"inLanguage":"es","potentialAction":[{"@type":"ReadAction","target":["https:\/\/doctorfernandopifarre.com\/es\/articulos-propios\/"]}]},{"@type":"BreadcrumbList","@id":"https:\/\/doctorfernandopifarre.com\/es\/articulos-propios\/#breadcrumb","itemListElement":[{"@type":"ListItem","position":1,"name":"Inici","item":"https:\/\/doctorfernandopifarre.com\/es\/"},{"@type":"ListItem","position":2,"name":"Articulos propios"}]},{"@type":"WebSite","@id":"https:\/\/doctorfernandopifarre.com\/es\/#website","url":"https:\/\/doctorfernandopifarre.com\/es\/","name":"Doctor Fernando Pifarr\u00e9","description":"Pod\u00f3logo en L\u00e9rida Dr Fernando Pifarre, contamos con un equipo de profesionales de la podolog\u00eda y revisiones deportivas con amplia experiencia.","publisher":{"@id":"https:\/\/doctorfernandopifarre.com\/es\/#\/schema\/person\/cb8a61302a753c52201b00abd0ccc993"},"potentialAction":[{"@type":"SearchAction","target":{"@type":"EntryPoint","urlTemplate":"https:\/\/doctorfernandopifarre.com\/es\/?s={search_term_string}"},"query-input":{"@type":"PropertyValueSpecification","valueRequired":true,"valueName":"search_term_string"}}],"inLanguage":"es"},{"@type":["Person","Organization"],"@id":"https:\/\/doctorfernandopifarre.com\/es\/#\/schema\/person\/cb8a61302a753c52201b00abd0ccc993","name":"fpifarre","image":{"@type":"ImageObject","inLanguage":"es","@id":"https:\/\/doctorfernandopifarre.com\/wp-content\/uploads\/2023\/02\/favicon.png","url":"https:\/\/doctorfernandopifarre.com\/wp-content\/uploads\/2023\/02\/favicon.png","contentUrl":"https:\/\/doctorfernandopifarre.com\/wp-content\/uploads\/2023\/02\/favicon.png","width":366,"height":502,"caption":"fpifarre"},"logo":{"@id":"https:\/\/doctorfernandopifarre.com\/wp-content\/uploads\/2023\/02\/favicon.png"},"description":"Dr. en Medicina i Cirurgia (Facultat medicina UdL) metge especialista via MIR en medicina del'educaci\u00f3 f\u00edsica i l'esport (Hospital Cl\u00ednic. Barcelona). Diplomat Universitari en Podologia (UB. Campus de Bellvitge). T\u00e8cnic ortop\u00e8dic oficial (UB. Hospital Cl\u00ednic Barcelona). Cap del servei Medicina Esportiva. Generalitat Catalunya a Lleida. CAP 11 de Setembre Professor Biomec\u00e0nica. (UdL. Universitat Central de Catalunya)","sameAs":["http:\/\/doctorfernandopifarre.com"]}]}},"_links":{"self":[{"href":"https:\/\/doctorfernandopifarre.com\/es\/wp-json\/wp\/v2\/pages\/3649","targetHints":{"allow":["GET"]}}],"collection":[{"href":"https:\/\/doctorfernandopifarre.com\/es\/wp-json\/wp\/v2\/pages"}],"about":[{"href":"https:\/\/doctorfernandopifarre.com\/es\/wp-json\/wp\/v2\/types\/page"}],"author":[{"embeddable":true,"href":"https:\/\/doctorfernandopifarre.com\/es\/wp-json\/wp\/v2\/users\/1"}],"replies":[{"embeddable":true,"href":"https:\/\/doctorfernandopifarre.com\/es\/wp-json\/wp\/v2\/comments?post=3649"}],"version-history":[{"count":0,"href":"https:\/\/doctorfernandopifarre.com\/es\/wp-json\/wp\/v2\/pages\/3649\/revisions"}],"wp:attachment":[{"href":"https:\/\/doctorfernandopifarre.com\/es\/wp-json\/wp\/v2\/media?parent=3649"}],"curies":[{"name":"wp","href":"https:\/\/api.w.org\/{rel}","templated":true}]}}