{"id":3658,"date":"2014-05-14T17:33:38","date_gmt":"2014-05-14T15:33:38","guid":{"rendered":"https:\/\/doctorfernandopifarre.com\/medicina-deportiva\/"},"modified":"2023-02-06T22:40:41","modified_gmt":"2023-02-06T21:40:41","slug":"medicina-deportiva","status":"publish","type":"page","link":"https:\/\/doctorfernandopifarre.com\/es\/medicina-deportiva\/","title":{"rendered":"Medicina deportiva"},"content":{"rendered":"<div class=\"wpb-content-wrapper\"><p>[vc_row css_animation=\u00bb\u00bb row_type=\u00bbrow\u00bb use_row_as_full_screen_section=\u00bbno\u00bb type=\u00bbfull_width\u00bb angled_section=\u00bbno\u00bb text_align=\u00bbleft\u00bb background_image_as_pattern=\u00bbwithout_pattern\u00bb section=\u00bbyes\u00bb background=\u00bbprimary\u00bb parallax_bg_width=\u00bb110&#8243;][vc_column][vc_column_text]<\/p>\n<h1 style=\"text-align: center;\"><strong>MEDICINA DEPORTIVA<\/strong><\/h1>\n<p>[\/vc_column_text][vc_empty_space][vc_column_text]<\/p>\n<p style=\"text-align: center;\"><strong>La Consulta del Doctor Pifarr\u00e9<\/strong> ofrece un servicio integral en <strong>Medicina Deportiva<\/strong>, atendiendo a la importancia que hoy tiene la pr\u00e1ctica del deporte desde una vertiente amateur y popular. Pruebas de esfuerzo, entrenamiento personalizado, confecci\u00f3n de plantillas para la pr\u00e1ctica deportiva&#8230; \u00e9stos son algunos de los servicios que te ofrecemos.<\/p>\n<p>[\/vc_column_text][vc_empty_space][\/vc_column][\/vc_row][vc_row css_animation=\u00bb\u00bb row_type=\u00bbrow\u00bb use_row_as_full_screen_section=\u00bbno\u00bb type=\u00bbfull_width\u00bb angled_section=\u00bbno\u00bb text_align=\u00bbleft\u00bb background_image_as_pattern=\u00bbwithout_pattern\u00bb parallax_bg_width=\u00bb110&#8243;][vc_column width=\u00bb1\/4&#8243; animate=\u00bbafc\u00bb][vc_single_image image=\u00bb3563&#8243; img_size=\u00bbmedium\u00bb qode_css_animation=\u00bb\u00bb align=\u00bbcenter\u00bb img_link_large=\u00bbyes\u00bb][vc_column_text]Trato personalizado.[\/vc_column_text][\/vc_column][vc_column width=\u00bb3\/4&#8243;][vc_column_text]<\/p>\n<h2 style=\"text-align: left;\">Medicina Deportiva<\/h2>\n<p>[\/vc_column_text][vc_column_text]<\/p>\n<p style=\"text-align: justify;\"><span style=\"color: #000000;\">Uno de los aspectos de la <strong>Medicina Deportiva<\/strong> que \u00faltimamente tiene mayor demanda entre los deportistas son las pruebas de esfuerzo para valorar los aspectos fisiol\u00f3gicos del entrenamiento. Cada d\u00eda es m\u00e1s frecuente que los ciclistas, que los practicantes de atletismo&#8230; sigan un sistema de entrenamiento por s\u00ed solos o mediante un personal <\/span><span class=\"hiddenSpellError\" style=\"color: #000000;\">trainer<\/span><span style=\"color: #000000;\">.<\/span><br style=\"color: #000000;\"><br style=\"color: #000000;\"><span style=\"color: #000000;\"><strong>Nosotros somos los \u00fanicos de Lleida que disponemos para realizar estas pruebas de analizador de gases<\/strong> que nos permite realizar una planificaci\u00f3n cient\u00edfica del entrenamiento, ya que el analizador nos puede dar los par\u00e1metros biol\u00f3gicos m\u00e1s modernos para planificar \u00e9ste como el umbral anaer\u00f3bico, el consumo m\u00e1ximo de<\/span><span style=\"color: #000000;\">oxigeno<\/span><span style=\"color: #000000;\">, la potencia aer\u00f3bica<\/span><span class=\"hiddenGrammarError\" style=\"color: #000000;\">..<\/span><br style=\"color: #000000;\"><br style=\"color: #000000;\"><span style=\"color: #000000;\">En otras ocasiones, la gente hace deporte para hacer salud. En este caso, <\/span><span style=\"color: #000000;\">\u00e9s<\/span><span style=\"color: #000000;\"> muy interesante hacerse una prueba de esfuerzo para prevenir cualquier incidencia negativa respecto a nuestra salud que pueda darnos la pr\u00e1ctica del deporte. Aunque no se puede prevenir en un cien por cien la muerte s\u00fabita en el deporte, es una forma de prevenirla.<\/span><\/p>\n<p>[\/vc_column_text][vc_column_text]<\/p>\n<p style=\"text-align: justify;\"><strong>Nosotros tenemos estructuradas las revisiones deportivas en cuatro grupos en funci\u00f3n del nivel deportivo y de la edad. Estos grupos son:<\/strong><\/p>\n<p>[\/vc_column_text][vc_empty_space height=\u00bb50px\u00bb][\/vc_column][\/vc_row][vc_row css_animation=\u00bb\u00bb row_type=\u00bbrow\u00bb use_row_as_full_screen_section=\u00bbno\u00bb type=\u00bbfull_width\u00bb angled_section=\u00bbno\u00bb text_align=\u00bbleft\u00bb background_image_as_pattern=\u00bbwithout_pattern\u00bb section=\u00bbyes\u00bb background=\u00bbalternate\u00bb][vc_column width=\u00bb1\/4&#8243; animate=\u00bbafc\u00bb][vc_single_image image=\u00bb3575&#8243; img_size=\u00bbmedium\u00bb qode_css_animation=\u00bb\u00bb align=\u00bbcenter\u00bb img_link_large=\u00bbyes\u00bb][vc_column_text]Cinta de correr para las pruebas de esfuerzo.[\/vc_column_text][\/vc_column][vc_column width=\u00bb3\/4&#8243;][vc_column_text]<\/p>\n<h2 style=\"text-align: left;\">Grupo 1:<\/h2>\n<p>[\/vc_column_text][vc_column_text]<\/p>\n<ul>\n<li>Antropometr\u00eda sencilla y porcentaje de grasa.<\/li>\n<\/ul>\n<ul>\n<li>Exploraci\u00f3n f\u00edsica de base: card\u00edaca, respiratoria, locomotor&#8230;Tensi\u00f3n arterial.<\/li>\n<\/ul>\n<ul>\n<li>Electrocardiograma de reposo.<\/li>\n<\/ul>\n<ul>\n<li>Espirometr\u00eda forzada<\/li>\n<\/ul>\n<p>&nbsp;<\/p>\n<p><strong>Es la prueba que se recomienda para firmar una apitud deportiva o licencia federativa sencilla.<\/strong>[\/vc_column_text][vc_empty_space height=\u00bb50px\u00bb][\/vc_column][\/vc_row][vc_row css_animation=\u00bb\u00bb row_type=\u00bbrow\u00bb use_row_as_full_screen_section=\u00bbno\u00bb type=\u00bbfull_width\u00bb angled_section=\u00bbno\u00bb text_align=\u00bbleft\u00bb background_image_as_pattern=\u00bbwithout_pattern\u00bb section=\u00bbyes\u00bb][vc_column width=\u00bb1\/4&#8243; animate=\u00bbafc\u00bb][vc_single_image image=\u00bb3564&#8243; img_size=\u00bbmedium\u00bb qode_css_animation=\u00bb\u00bb align=\u00bbcenter\u00bb img_link_large=\u00bbyes\u00bb][vc_column_text]Pruebas de esfuerzo en bicicleta est\u00e1tica.[\/vc_column_text][\/vc_column][vc_column width=\u00bb3\/4&#8243;][vc_column_text]<\/p>\n<h2 style=\"text-align: left;\">Grupo 2:<\/h2>\n<p>[\/vc_column_text][vc_column_text]<\/p>\n<p style=\"text-align: justify;\"><span style=\"color: #000000;\">Al igual que el anterior, pero se hace una prueba de<\/span><span style=\"color: #000000;\">esfuerzo<\/span><span style=\"color: #000000;\"> indirecta con monitorizaci\u00f3n <\/span><span style=\"color: #000000;\">card\u00edaca<\/span><span style=\"color: #000000;\"> y tensional, ya sea en tapiz o <\/span><span class=\"hiddenSpellError\" style=\"color: #000000;\">cicloerg\u00f3metro<\/span><span style=\"color: #000000;\">. Se valora la tensi\u00f3n arterial y la frecuencia card\u00edaca durante el esfuerzo.<\/span><br style=\"color: #000000;\"><br style=\"color: #000000;\"><\/p>\n<p style=\"text-align: justify;\"><span style=\"color: #000000;\"><strong>\u00c9s la prova que es recomana per prevenir qualsevol incid\u00e8ncia<\/strong> negativa que ens pugui donar la<\/span><span style=\"color: #000000;\">pr\u00e0ctica<\/span><span style=\"color: #000000;\"> de l\u2019esport <\/span><span style=\"color: #000000;\">respecte a<\/span><span style=\"color: #000000;\"> la nostra salut.<\/span><\/p>\n<p>[\/vc_column_text][vc_empty_space height=\u00bb50px\u00bb][\/vc_column][\/vc_row][vc_row css_animation=\u00bb\u00bb row_type=\u00bbrow\u00bb use_row_as_full_screen_section=\u00bbno\u00bb type=\u00bbfull_width\u00bb angled_section=\u00bbno\u00bb text_align=\u00bbleft\u00bb background_image_as_pattern=\u00bbwithout_pattern\u00bb section=\u00bbyes\u00bb background=\u00bbalternate\u00bb parallax_bg_width=\u00bb110&#8243;][vc_column width=\u00bb1\/4&#8243; animate=\u00bbafc\u00bb][vc_single_image image=\u00bb3565&#8243; img_size=\u00bbmedium\u00bb qode_css_animation=\u00bb\u00bb align=\u00bbcenter\u00bb img_link_large=\u00bbyes\u00bb][vc_column_text]Ortesis plantares a medida que mejoren el rendimiento deportivo.[\/vc_column_text][\/vc_column][vc_column width=\u00bb3\/4&#8243;][vc_column_text]<\/p>\n<h2 style=\"text-align: left;\">Grupo 3:<\/h2>\n<p>[\/vc_column_text][vc_column_text]<\/p>\n<ul>\n<li><span style=\"color: #000000;\">Al igual que la anterior pero la antropometr\u00eda e<\/span><span style=\"color: #000000;\">s<\/span><span style=\"color: #000000;\"> <\/span><span style=\"color: #000000;\">completa<\/span><span style=\"color: #000000;\"> dando adem\u00e1s del porcentaje de grasa, porcentaje muscular, \u00f3seo y residual.<\/span><\/li>\n<li><span style=\"color: #000000;\">La prueba de esfuerzo es directa, es decir, con analizador de gases.<\/span><\/li>\n<\/ul>\n<p>&nbsp;<\/p>\n<p><strong>Es la prueba que se recomienda a los deportistas que sigan un programa de entrenamiento.<\/strong>[\/vc_column_text][vc_empty_space height=\u00bb50px\u00bb][\/vc_column][\/vc_row][vc_row css_animation=\u00bb\u00bb row_type=\u00bbrow\u00bb use_row_as_full_screen_section=\u00bbno\u00bb type=\u00bbfull_width\u00bb angled_section=\u00bbno\u00bb text_align=\u00bbleft\u00bb background_image_as_pattern=\u00bbwithout_pattern\u00bb section=\u00bbyes\u00bb][vc_column width=\u00bb1\/4&#8243; animate=\u00bbafc\u00bb][vc_single_image image=\u00bb3576&#8243; img_size=\u00bbmedium\u00bb qode_css_animation=\u00bb\u00bb align=\u00bbcenter\u00bb img_link_large=\u00bbyes\u00bb][vc_column_text][\/vc_column_text][\/vc_column][vc_column width=\u00bb3\/4&#8243;][vc_column_text]<\/p>\n<h2 style=\"text-align: left;\">Grupo 4:<\/h2>\n<p>[\/vc_column_text][vc_column_text]<span style=\"color: #000000;\">Al igual que el anterior, pero en este caso se toman muestras de \u00e1cido l\u00e1ctico para calcular el umbral anaer\u00f3bico de tipo metab\u00f3lico.<\/span><br style=\"color: #000000;\"><br style=\"color: #000000;\"><span style=\"color: #000000;\">En todos los casos <\/span><span class=\"hiddenGreenError\" style=\"color: #000000;\">se<\/span><span style=\"color: #000000;\"> firma la lic\u00e9ncia<\/span><span style=\"color: #000000;\">federativa para certificar la aptitud deportiva.<\/span>[\/vc_column_text][vc_empty_space height=\u00bb50px\u00bb][\/vc_column][\/vc_row][vc_row css_animation=\u00bb\u00bb row_type=\u00bbrow\u00bb use_row_as_full_screen_section=\u00bbno\u00bb type=\u00bbfull_width\u00bb angled_section=\u00bbno\u00bb text_align=\u00bbleft\u00bb background_image_as_pattern=\u00bbwithout_pattern\u00bb][vc_column][vc_column_text]<br \/>\n[\/vc_column_text][\/vc_column][\/vc_row][vc_row css_animation=\u00bb\u00bb row_type=\u00bbrow\u00bb use_row_as_full_screen_section=\u00bbno\u00bb type=\u00bbfull_width\u00bb angled_section=\u00bbno\u00bb text_align=\u00bbleft\u00bb background_image_as_pattern=\u00bbwithout_pattern\u00bb section=\u00bbyes\u00bb background=\u00bbalternate\u00bb parallax_bg_width=\u00bb110&#8243;][vc_column][vc_column_text]<\/p>\n<h2 style=\"text-align: left;\">Galeria Multimedia<\/h2>\n<p>[\/vc_column_text][vc_accordion style=\u00bbaccordion\u00bb toggle=\u00bbyes\u00bb][vc_accordion_tab title=\u00bbFotografias\u00bb active=\u00bbyes\u00bb][vc_row_inner row_type=\u00bbrow\u00bb type=\u00bbfull_width\u00bb text_align=\u00bbleft\u00bb css_animation=\u00bb\u00bb][vc_column_inner width=\u00bb1\/3&#8243;][vc_single_image image=\u00bb3567&#8243; img_size=\u00bbmedium\u00bb qode_css_animation=\u00bb\u00bb animate=\u00bbafc\u00bb align=\u00bbcenter\u00bb img_link_large=\u00bbyes\u00bb][vc_column_text]<\/p>\n<p style=\"text-align: center;\">Auscultaci\u00f3n antes de la prueba de esfuerzo.<\/p>\n<p>[\/vc_column_text][vc_separator type=\u00bbnormal\u00bb][vc_single_image image=\u00bb3578&#8243; img_size=\u00bbmedium\u00bb qode_css_animation=\u00bb\u00bb animate=\u00bbafc\u00bb align=\u00bbcenter\u00bb img_link_large=\u00bbyes\u00bb][vc_column_text]<\/p>\n<p style=\"text-align: center;\">Prueba de esfuerzo con cinta mec\u00e1nica de correr.<\/p>\n<p>[\/vc_column_text][\/vc_column_inner][vc_column_inner width=\u00bb1\/3&#8243;][vc_single_image image=\u00bb3568&#8243; img_size=\u00bbmedium\u00bb qode_css_animation=\u00bb\u00bb animate=\u00bbafc\u00bb align=\u00bbcenter\u00bb img_link_large=\u00bbyes\u00bb][vc_column_text]<\/p>\n<p style=\"text-align: center;\">Preparaci\u00f3n para la prueba de esfuerzo corriente.<\/p>\n<p>[\/vc_column_text][vc_separator type=\u00bbnormal\u00bb][vc_single_image image=\u00bb3570&#8243; img_size=\u00bbmedium\u00bb qode_css_animation=\u00bb\u00bb animate=\u00bbafc\u00bb align=\u00bbcenter\u00bb img_link_large=\u00bbyes\u00bb][vc_column_text]<\/p>\n<p style=\"text-align: center;\">Paciente preparado.<\/p>\n<p>[\/vc_column_text][\/vc_column_inner][vc_column_inner width=\u00bb1\/3&#8243;][vc_single_image image=\u00bb3569&#8243; img_size=\u00bbmedium\u00bb qode_css_animation=\u00bb\u00bb animate=\u00bbafc\u00bb align=\u00bbcenter\u00bb img_link_large=\u00bbyes\u00bb][vc_column_text]<\/p>\n<p style=\"text-align: center;\">Preparaci\u00f3n de los puls\u00f3metros.<\/p>\n<p>[\/vc_column_text][vc_separator type=\u00bbnormal\u00bb][vc_single_image image=\u00bb3571&#8243; img_size=\u00bbmedium\u00bb qode_css_animation=\u00bb\u00bb animate=\u00bbafc\u00bb align=\u00bbcenter\u00bb img_link_large=\u00bbyes\u00bb][vc_column_text]<\/p>\n<p style=\"text-align: center;\">Con los resultados de la prueba de esfuerzo, se elabora un informe.<\/p>\n<p>[\/vc_column_text][\/vc_column_inner][\/vc_row_inner][\/vc_accordion_tab][vc_accordion_tab title=\u00bbVideo\u00bb][vc_row_inner row_type=\u00bbrow\u00bb type=\u00bbfull_width\u00bb text_align=\u00bbleft\u00bb css_animation=\u00bb\u00bb][vc_column_inner width=\u00bb1\/3&#8243;][vc_video link=\u00bbhttp:\/\/www.youtube.com\/watch?v=ZYwnbAJkpMs&amp;feature=youtu.be\u00bb ratio=\u00bb16-9&#8243;][vc_separator type=\u00bbnormal\u00bb][vc_video link=\u00bbhttp:\/\/www.youtube.com\/watch?v=ljUjgSWtyu4&amp;feature=youtu.be&amp;hd=1&#8243; ratio=\u00bb16-9&#8243;][vc_video link=\u00bbhttp:\/\/doctorfernandopifarre.com\/web\/Jornada.pdf\u00bb ratio=\u00bb16-9&#8243;][\/vc_column_inner][vc_column_inner width=\u00bb1\/3&#8243;][vc_video link=\u00bbhttp:\/\/www.youtube.com\/watch?v=81ciNr6TmsM&amp;feature=youtu.be&amp;hd=1&#8243; ratio=\u00bb16-9&#8243;][vc_separator type=\u00bbnormal\u00bb][vc_video link=\u00bbhttp:\/\/www.youtube.com\/watch?v=G5I-pc3KHjA&amp;feature=youtu.be&amp;hd=1&#8243; ratio=\u00bb16-9&#8243;][\/vc_column_inner][vc_column_inner width=\u00bb1\/3&#8243;][vc_video link=\u00bbhttp:\/\/www.youtube.com\/watch?v=pyW-S8FJBLE&amp;feature=youtu.be&amp;hd=1&#8243; ratio=\u00bb16-9&#8243;][vc_separator type=\u00bbnormal\u00bb][vc_video link=\u00bbhttp:\/\/www.youtube.com\/watch?v=jysLQon3Jww&amp;feature=youtu.be&amp;hd=1&#8243; ratio=\u00bb16-9&#8243;][\/vc_column_inner][\/vc_row_inner][\/vc_accordion_tab][\/vc_accordion][\/vc_column][\/vc_row]<\/p>\n<\/div>","protected":false},"excerpt":{"rendered":"<p>[vc_row css_animation=\u00bb\u00bb row_type=\u00bbrow\u00bb use_row_as_full_screen_section=\u00bbno\u00bb type=\u00bbfull_width\u00bb angled_section=\u00bbno\u00bb text_align=\u00bbleft\u00bb background_image_as_pattern=\u00bbwithout_pattern\u00bb section=\u00bbyes\u00bb background=\u00bbprimary\u00bb parallax_bg_width=\u00bb110&#8243;][vc_column][vc_column_text] MEDICINA DEPORTIVA [\/vc_column_text][vc_empty_space][vc_column_text] La Consulta del Doctor Pifarr\u00e9 ofrece un servicio integral en Medicina Deportiva, atendiendo a la importancia que hoy tiene la pr\u00e1ctica del deporte desde una vertiente amateur y popular. Pruebas de&#8230;<\/p>\n","protected":false},"author":1,"featured_media":0,"parent":0,"menu_order":0,"comment_status":"open","ping_status":"open","template":"","meta":{"footnotes":""},"class_list":["post-3658","page","type-page","status-publish","hentry"],"yoast_head":"<!-- This site is optimized with the Yoast SEO plugin v27.2 - https:\/\/yoast.com\/product\/yoast-seo-wordpress\/ -->\n<title>Medicina deportiva - Doctor Fernando Pifarr\u00e9<\/title>\n<meta name=\"robots\" content=\"index, follow, max-snippet:-1, max-image-preview:large, max-video-preview:-1\" \/>\n<link rel=\"canonical\" href=\"https:\/\/doctorfernandopifarre.com\/es\/medicina-deportiva\/\" \/>\n<meta property=\"og:locale\" content=\"es_ES\" \/>\n<meta property=\"og:type\" content=\"article\" \/>\n<meta property=\"og:title\" content=\"Medicina deportiva - Doctor Fernando Pifarr\u00e9\" \/>\n<meta property=\"og:description\" content=\"[vc_row css_animation=\u00bb\u00bb row_type=\u00bbrow\u00bb use_row_as_full_screen_section=\u00bbno\u00bb type=\u00bbfull_width\u00bb angled_section=\u00bbno\u00bb text_align=\u00bbleft\u00bb background_image_as_pattern=\u00bbwithout_pattern\u00bb section=\u00bbyes\u00bb background=\u00bbprimary\u00bb parallax_bg_width=\u00bb110&#8243;][vc_column][vc_column_text] MEDICINA DEPORTIVA [\/vc_column_text][vc_empty_space][vc_column_text] La Consulta del Doctor Pifarr\u00e9 ofrece un servicio integral en Medicina Deportiva, atendiendo a la importancia que hoy tiene la pr\u00e1ctica del deporte desde una vertiente amateur y popular. Pruebas de...\" \/>\n<meta property=\"og:url\" content=\"https:\/\/doctorfernandopifarre.com\/es\/medicina-deportiva\/\" \/>\n<meta property=\"og:site_name\" content=\"Doctor Fernando Pifarr\u00e9\" \/>\n<meta property=\"article:modified_time\" content=\"2023-02-06T21:40:41+00:00\" \/>\n<meta property=\"og:image\" content=\"https:\/\/doctorfernandopifarre.com\/wp-content\/uploads\/2023\/02\/doctor-fernando-pifarre-logo.jpg\" \/>\n\t<meta property=\"og:image:width\" content=\"433\" \/>\n\t<meta property=\"og:image:height\" content=\"101\" \/>\n\t<meta property=\"og:image:type\" content=\"image\/jpeg\" \/>\n<meta name=\"twitter:card\" content=\"summary_large_image\" \/>\n<meta name=\"twitter:site\" content=\"@fernandopifarre\" \/>\n<meta name=\"twitter:label1\" content=\"Tiempo de lectura\" \/>\n\t<meta name=\"twitter:data1\" content=\"8 minutos\" \/>\n<script type=\"application\/ld+json\" class=\"yoast-schema-graph\">{\"@context\":\"https:\/\/schema.org\",\"@graph\":[{\"@type\":\"WebPage\",\"@id\":\"https:\/\/doctorfernandopifarre.com\/es\/medicina-deportiva\/\",\"url\":\"https:\/\/doctorfernandopifarre.com\/es\/medicina-deportiva\/\",\"name\":\"Medicina deportiva - Doctor Fernando Pifarr\u00e9\",\"isPartOf\":{\"@id\":\"https:\/\/doctorfernandopifarre.com\/es\/#website\"},\"datePublished\":\"2014-05-14T15:33:38+00:00\",\"dateModified\":\"2023-02-06T21:40:41+00:00\",\"breadcrumb\":{\"@id\":\"https:\/\/doctorfernandopifarre.com\/es\/medicina-deportiva\/#breadcrumb\"},\"inLanguage\":\"es\",\"potentialAction\":[{\"@type\":\"ReadAction\",\"target\":[\"https:\/\/doctorfernandopifarre.com\/es\/medicina-deportiva\/\"]}]},{\"@type\":\"BreadcrumbList\",\"@id\":\"https:\/\/doctorfernandopifarre.com\/es\/medicina-deportiva\/#breadcrumb\",\"itemListElement\":[{\"@type\":\"ListItem\",\"position\":1,\"name\":\"Inici\",\"item\":\"https:\/\/doctorfernandopifarre.com\/es\/\"},{\"@type\":\"ListItem\",\"position\":2,\"name\":\"Medicina deportiva\"}]},{\"@type\":\"WebSite\",\"@id\":\"https:\/\/doctorfernandopifarre.com\/es\/#website\",\"url\":\"https:\/\/doctorfernandopifarre.com\/es\/\",\"name\":\"Doctor Fernando Pifarr\u00e9\",\"description\":\"Pod\u00f3logo en L\u00e9rida Dr Fernando Pifarre, contamos con un equipo de profesionales de la podolog\u00eda y revisiones deportivas con amplia experiencia.\",\"publisher\":{\"@id\":\"https:\/\/doctorfernandopifarre.com\/es\/#\/schema\/person\/cb8a61302a753c52201b00abd0ccc993\"},\"potentialAction\":[{\"@type\":\"SearchAction\",\"target\":{\"@type\":\"EntryPoint\",\"urlTemplate\":\"https:\/\/doctorfernandopifarre.com\/es\/?s={search_term_string}\"},\"query-input\":{\"@type\":\"PropertyValueSpecification\",\"valueRequired\":true,\"valueName\":\"search_term_string\"}}],\"inLanguage\":\"es\"},{\"@type\":[\"Person\",\"Organization\"],\"@id\":\"https:\/\/doctorfernandopifarre.com\/es\/#\/schema\/person\/cb8a61302a753c52201b00abd0ccc993\",\"name\":\"fpifarre\",\"image\":{\"@type\":\"ImageObject\",\"inLanguage\":\"es\",\"@id\":\"https:\/\/doctorfernandopifarre.com\/wp-content\/uploads\/2023\/02\/favicon.png\",\"url\":\"https:\/\/doctorfernandopifarre.com\/wp-content\/uploads\/2023\/02\/favicon.png\",\"contentUrl\":\"https:\/\/doctorfernandopifarre.com\/wp-content\/uploads\/2023\/02\/favicon.png\",\"width\":366,\"height\":502,\"caption\":\"fpifarre\"},\"logo\":{\"@id\":\"https:\/\/doctorfernandopifarre.com\/wp-content\/uploads\/2023\/02\/favicon.png\"},\"description\":\"Dr. en Medicina i Cirurgia (Facultat medicina UdL) metge especialista via MIR en medicina del'educaci\u00f3 f\u00edsica i l'esport (Hospital Cl\u00ednic. Barcelona). Diplomat Universitari en Podologia (UB. Campus de Bellvitge). T\u00e8cnic ortop\u00e8dic oficial (UB. Hospital Cl\u00ednic Barcelona). Cap del servei Medicina Esportiva. Generalitat Catalunya a Lleida. CAP 11 de Setembre Professor Biomec\u00e0nica. (UdL. Universitat Central de Catalunya)\",\"sameAs\":[\"http:\/\/doctorfernandopifarre.com\"]}]}<\/script>\n<!-- \/ Yoast SEO plugin. -->","yoast_head_json":{"title":"Medicina deportiva - Doctor Fernando Pifarr\u00e9","robots":{"index":"index","follow":"follow","max-snippet":"max-snippet:-1","max-image-preview":"max-image-preview:large","max-video-preview":"max-video-preview:-1"},"canonical":"https:\/\/doctorfernandopifarre.com\/es\/medicina-deportiva\/","og_locale":"es_ES","og_type":"article","og_title":"Medicina deportiva - Doctor Fernando Pifarr\u00e9","og_description":"[vc_row css_animation=\u00bb\u00bb row_type=\u00bbrow\u00bb use_row_as_full_screen_section=\u00bbno\u00bb type=\u00bbfull_width\u00bb angled_section=\u00bbno\u00bb text_align=\u00bbleft\u00bb background_image_as_pattern=\u00bbwithout_pattern\u00bb section=\u00bbyes\u00bb background=\u00bbprimary\u00bb parallax_bg_width=\u00bb110&#8243;][vc_column][vc_column_text] MEDICINA DEPORTIVA [\/vc_column_text][vc_empty_space][vc_column_text] La Consulta del Doctor Pifarr\u00e9 ofrece un servicio integral en Medicina Deportiva, atendiendo a la importancia que hoy tiene la pr\u00e1ctica del deporte desde una vertiente amateur y popular. Pruebas de...","og_url":"https:\/\/doctorfernandopifarre.com\/es\/medicina-deportiva\/","og_site_name":"Doctor Fernando Pifarr\u00e9","article_modified_time":"2023-02-06T21:40:41+00:00","og_image":[{"width":433,"height":101,"url":"https:\/\/doctorfernandopifarre.com\/wp-content\/uploads\/2023\/02\/doctor-fernando-pifarre-logo.jpg","type":"image\/jpeg"}],"twitter_card":"summary_large_image","twitter_site":"@fernandopifarre","twitter_misc":{"Tiempo de lectura":"8 minutos"},"schema":{"@context":"https:\/\/schema.org","@graph":[{"@type":"WebPage","@id":"https:\/\/doctorfernandopifarre.com\/es\/medicina-deportiva\/","url":"https:\/\/doctorfernandopifarre.com\/es\/medicina-deportiva\/","name":"Medicina deportiva - Doctor Fernando Pifarr\u00e9","isPartOf":{"@id":"https:\/\/doctorfernandopifarre.com\/es\/#website"},"datePublished":"2014-05-14T15:33:38+00:00","dateModified":"2023-02-06T21:40:41+00:00","breadcrumb":{"@id":"https:\/\/doctorfernandopifarre.com\/es\/medicina-deportiva\/#breadcrumb"},"inLanguage":"es","potentialAction":[{"@type":"ReadAction","target":["https:\/\/doctorfernandopifarre.com\/es\/medicina-deportiva\/"]}]},{"@type":"BreadcrumbList","@id":"https:\/\/doctorfernandopifarre.com\/es\/medicina-deportiva\/#breadcrumb","itemListElement":[{"@type":"ListItem","position":1,"name":"Inici","item":"https:\/\/doctorfernandopifarre.com\/es\/"},{"@type":"ListItem","position":2,"name":"Medicina deportiva"}]},{"@type":"WebSite","@id":"https:\/\/doctorfernandopifarre.com\/es\/#website","url":"https:\/\/doctorfernandopifarre.com\/es\/","name":"Doctor Fernando Pifarr\u00e9","description":"Pod\u00f3logo en L\u00e9rida Dr Fernando Pifarre, contamos con un equipo de profesionales de la podolog\u00eda y revisiones deportivas con amplia experiencia.","publisher":{"@id":"https:\/\/doctorfernandopifarre.com\/es\/#\/schema\/person\/cb8a61302a753c52201b00abd0ccc993"},"potentialAction":[{"@type":"SearchAction","target":{"@type":"EntryPoint","urlTemplate":"https:\/\/doctorfernandopifarre.com\/es\/?s={search_term_string}"},"query-input":{"@type":"PropertyValueSpecification","valueRequired":true,"valueName":"search_term_string"}}],"inLanguage":"es"},{"@type":["Person","Organization"],"@id":"https:\/\/doctorfernandopifarre.com\/es\/#\/schema\/person\/cb8a61302a753c52201b00abd0ccc993","name":"fpifarre","image":{"@type":"ImageObject","inLanguage":"es","@id":"https:\/\/doctorfernandopifarre.com\/wp-content\/uploads\/2023\/02\/favicon.png","url":"https:\/\/doctorfernandopifarre.com\/wp-content\/uploads\/2023\/02\/favicon.png","contentUrl":"https:\/\/doctorfernandopifarre.com\/wp-content\/uploads\/2023\/02\/favicon.png","width":366,"height":502,"caption":"fpifarre"},"logo":{"@id":"https:\/\/doctorfernandopifarre.com\/wp-content\/uploads\/2023\/02\/favicon.png"},"description":"Dr. en Medicina i Cirurgia (Facultat medicina UdL) metge especialista via MIR en medicina del'educaci\u00f3 f\u00edsica i l'esport (Hospital Cl\u00ednic. Barcelona). Diplomat Universitari en Podologia (UB. Campus de Bellvitge). T\u00e8cnic ortop\u00e8dic oficial (UB. Hospital Cl\u00ednic Barcelona). Cap del servei Medicina Esportiva. Generalitat Catalunya a Lleida. CAP 11 de Setembre Professor Biomec\u00e0nica. (UdL. Universitat Central de Catalunya)","sameAs":["http:\/\/doctorfernandopifarre.com"]}]}},"_links":{"self":[{"href":"https:\/\/doctorfernandopifarre.com\/es\/wp-json\/wp\/v2\/pages\/3658","targetHints":{"allow":["GET"]}}],"collection":[{"href":"https:\/\/doctorfernandopifarre.com\/es\/wp-json\/wp\/v2\/pages"}],"about":[{"href":"https:\/\/doctorfernandopifarre.com\/es\/wp-json\/wp\/v2\/types\/page"}],"author":[{"embeddable":true,"href":"https:\/\/doctorfernandopifarre.com\/es\/wp-json\/wp\/v2\/users\/1"}],"replies":[{"embeddable":true,"href":"https:\/\/doctorfernandopifarre.com\/es\/wp-json\/wp\/v2\/comments?post=3658"}],"version-history":[{"count":0,"href":"https:\/\/doctorfernandopifarre.com\/es\/wp-json\/wp\/v2\/pages\/3658\/revisions"}],"wp:attachment":[{"href":"https:\/\/doctorfernandopifarre.com\/es\/wp-json\/wp\/v2\/media?parent=3658"}],"curies":[{"name":"wp","href":"https:\/\/api.w.org\/{rel}","templated":true}]}}