{"id":3662,"date":"2014-07-10T09:06:23","date_gmt":"2014-07-10T07:06:23","guid":{"rendered":"https:\/\/doctorfernandopifarre.com\/donde-estamos\/"},"modified":"2025-10-07T23:10:50","modified_gmt":"2025-10-07T21:10:50","slug":"donde-estamos","status":"publish","type":"page","link":"https:\/\/doctorfernandopifarre.com\/es\/donde-estamos\/","title":{"rendered":"D\u00f3nde estamos"},"content":{"rendered":"<div class=\"wpb-content-wrapper\"><p>[vc_row css_animation=\u00bb\u00bb row_type=\u00bbrow\u00bb use_row_as_full_screen_section=\u00bbno\u00bb type=\u00bbfull_width\u00bb angled_section=\u00bbno\u00bb text_align=\u00bbleft\u00bb background_image_as_pattern=\u00bbwithout_pattern\u00bb][vc_column width=\u00bb1\/2&#8243;][vc_column_text css=\u00bb\u00bb]<\/p>\n<h2 style=\"color: #444444;\">Horario y Localizaci\u00f3n<\/h2>\n<p><\/p>\n<ul style=\"color: #000000;\">\n<li><strong>Martes<\/strong> de 9:30h a 12h<\/li>\n<li><strong>Lunes, Mi\u00e9rcoles, Jueves y Viernes<\/strong> de 16h a 19:30h<\/li>\n<li>Avda. Prat de la Riba, 42 2\u00ba 1\u00aa<\/li>\n<li>25004 Lleida<\/li>\n<\/ul>\n<p>[\/vc_column_text][vc_separator type=\u00bbnormal\u00bb][vc_gmaps link=\u00bb#E-8_JTNDaWZyYW1lJTIwc3JjJTNEJTIyaHR0cHMlM0ElMkYlMkZ3d3cuZ29vZ2xlLmNvbSUyRm1hcHMlMkZlbWJlZCUzRnBiJTNEJTIxMW0xOCUyMTFtMTIlMjExbTMlMjExZDMzNC41NTgzMTA2MzE5NTElMjEyZDAuNjIzNDUzNzc0NzQ5MDA3MSUyMTNkNDEuNjIwNzUzNTc1MDkyNDQlMjEybTMlMjExZjAlMjEyZjAlMjEzZjAlMjEzbTIlMjExaTEwMjQlMjEyaTc2OCUyMTRmMTMuMSUyMTNtMyUyMTFtMiUyMTFzMHgxMmE2ZTA0MWJmNzg1NGZiJTI1M0EweGVlM2VkNjk5MmRhNmJmMGMlMjEyc0F2LiUyNTIwUHJhdCUyNTIwZGUlMjUyMGxhJTI1MjBSaWJhJTI1MkMlMjUyMDQyJTI1MkMlMjUyMDI1MDA4JTI1MjBMJTI1QzMlMjVBOXJpZGElMjE1ZTAlMjEzbTIlMjExc2VzJTIxMnNlcyUyMTR2MTY3NTY5NDY4MDYxOCUyMTVtMiUyMTFzZXMlMjEyc2VzJTIyJTIwd2lkdGglM0QlMjI2MDAlMjIlMjBoZWlnaHQlM0QlMjI0NTAlMjIlMjBzdHlsZSUzRCUyMmJvcmRlciUzQTAlM0IlMjIlMjBhbGxvd2Z1bGxzY3JlZW4lM0QlMjIlMjIlMjBsb2FkaW5nJTNEJTIybGF6eSUyMiUyMHJlZmVycmVycG9saWN5JTNEJTIybm8tcmVmZXJyZXItd2hlbi1kb3duZ3JhZGUlMjIlM0UlM0MlMkZpZnJhbWUlM0U=\u00bb address=\u00bbAvda. Prat de la Riba, 42, 25004 Lleida\u00bb type=\u00bbROADMAP\u00bb zoom=\u00bb17&#8243; marker=\u00bbDoctor Fernando Pifarr\u00e9\u00bb][\/vc_column][vc_column width=\u00bb1\/2&#8243;]\n<div class=\"wpcf7 no-js\" id=\"wpcf7-f3621-o1\" lang=\"es-ES\" dir=\"ltr\" data-wpcf7-id=\"3621\">\n<div class=\"screen-reader-response\"><p role=\"status\" aria-live=\"polite\" aria-atomic=\"true\"><\/p> <ul><\/ul><\/div>\n<form action=\"\/es\/wp-json\/wp\/v2\/pages\/3662#wpcf7-f3621-o1\" method=\"post\" class=\"wpcf7-form init default\" aria-label=\"Formulario de contacto\" novalidate=\"novalidate\" data-status=\"init\">\n<fieldset class=\"hidden-fields-container\"><input type=\"hidden\" name=\"_wpcf7\" value=\"3621\" \/><input type=\"hidden\" name=\"_wpcf7_version\" value=\"6.1.5\" \/><input type=\"hidden\" name=\"_wpcf7_locale\" value=\"es_ES\" \/><input type=\"hidden\" name=\"_wpcf7_unit_tag\" value=\"wpcf7-f3621-o1\" \/><input type=\"hidden\" name=\"_wpcf7_container_post\" value=\"0\" \/><input type=\"hidden\" name=\"_wpcf7_posted_data_hash\" value=\"\" \/><input type=\"hidden\" name=\"_wpcf7_recaptcha_response\" value=\"\" \/>\n<\/fieldset>\n<p><label> Nombre<br \/>\n<span class=\"wpcf7-form-control-wrap\" data-name=\"your-name\"><input size=\"40\" maxlength=\"400\" class=\"wpcf7-form-control wpcf7-text wpcf7-validates-as-required\" autocomplete=\"name\" aria-required=\"true\" aria-invalid=\"false\" value=\"\" type=\"text\" name=\"your-name\" \/><\/span> <\/label>\n<\/p>\n<p><label> E-mail<br \/>\n<span class=\"wpcf7-form-control-wrap\" data-name=\"your-email\"><input size=\"40\" maxlength=\"400\" class=\"wpcf7-form-control wpcf7-email wpcf7-validates-as-required wpcf7-text wpcf7-validates-as-email\" autocomplete=\"email\" aria-required=\"true\" aria-invalid=\"false\" value=\"\" type=\"email\" name=\"your-email\" \/><\/span> <\/label>\n<\/p>\n<p><label> Tema<br \/>\n<span class=\"wpcf7-form-control-wrap\" data-name=\"your-subject\"><input size=\"40\" maxlength=\"400\" class=\"wpcf7-form-control wpcf7-text wpcf7-validates-as-required\" aria-required=\"true\" aria-invalid=\"false\" value=\"\" type=\"text\" name=\"your-subject\" \/><\/span> <\/label>\n<\/p>\n<p><label> Mensaje (opcional)<br \/>\n<span class=\"wpcf7-form-control-wrap\" data-name=\"your-message\"><textarea cols=\"40\" rows=\"10\" maxlength=\"2000\" class=\"wpcf7-form-control wpcf7-textarea\" aria-invalid=\"false\" name=\"your-message\"><\/textarea><\/span> <\/label>\n<\/p>\n<p><span class=\"wpcf7-form-control-wrap\" data-name=\"acceptance-791\"><span class=\"wpcf7-form-control wpcf7-acceptance\"><span class=\"wpcf7-list-item\"><label><input type=\"checkbox\" name=\"acceptance-791\" value=\"1\" aria-invalid=\"false\" \/><span class=\"wpcf7-list-item-label\">Accepto cedir les meves dades al Doctor Fernando Pifarr\u00e9 i la <a href=\"https:\/\/doctorfernandopifarre.com\/politica-de-privacitat\/\">Pol\u00edtica de Privacitat<\/a>.<\/span><\/label><\/span><\/span><\/span>\n<\/p>\n<p><input class=\"wpcf7-form-control wpcf7-submit has-spinner\" type=\"submit\" value=\"Enviar\" \/>\n<\/p><p style=\"display: none !important;\" class=\"akismet-fields-container\" data-prefix=\"_wpcf7_ak_\"><label>&#916;<textarea name=\"_wpcf7_ak_hp_textarea\" cols=\"45\" rows=\"8\" maxlength=\"100\"><\/textarea><\/label><input type=\"hidden\" id=\"ak_js_1\" name=\"_wpcf7_ak_js\" value=\"11\"\/><script>document.getElementById( \"ak_js_1\" ).setAttribute( \"value\", ( new Date() ).getTime() );<\/script><\/p><div class=\"wpcf7-response-output\" aria-hidden=\"true\"><\/div>\n<\/form>\n<\/div>\n[vc_column_text]<\/p>\n<div class=\"qode-accordion-content ui-accordion-content ui-helper-reset ui-widget-content ui-corner-bottom ui-accordion-content-active\">\n<div class=\"qode-accordion-content-inner\">\n<div class=\"wpb_text_column wpb_content_element \">\n<div class=\"wpb_wrapper\">\n<div class=\"wpb_text_column wpb_content_element \">\n<div class=\"wpb_wrapper\">\n<h6><span class=\"HwtZe\" lang=\"ca\"><span class=\"jCAhz ChMk0b\"><span class=\"ryNqvb\">En nombre de la empresa tratamos la informaci\u00f3n que nos facilitan para prestar los servicios solicitados, hacer la facturaci\u00f3n.<\/span><\/span> <span class=\"jCAhz ChMk0b\"><span class=\"ryNqvb\">Los datos proporcionados se conservar\u00e1n mientras se mantenga la relaci\u00f3n comercial o durante los a\u00f1os neces\u00e1rios para cumplir las obligaciones legals.<\/span><\/span> <span class=\"jCAhz ChMk0b\"><span class=\"ryNqvb\">Los datos no se ceder\u00e1n a terceros excepto en los casos en que est\u00e9 una obligaci\u00f3n legal.<\/span><\/span> Usted<span class=\"jCAhz ChMk0b\"><span class=\"ryNqvb\"> tiene derecho a obtener confirmaci\u00f3n sobre si en doctor Fernando Pifarr\u00e9 estamos tratando sus datos personales, per lo tanto, tiene derecho a acceder a sus datos personales, rectificar los datos inexactos o solicitar la supresi\u00f3n cuando los datos ya no sean neces\u00e1rios.<\/span><\/span><\/span><\/h6>\n<\/div>\n<p><\/div>\n<p><\/p>\n<div class=\"wpb_text_column wpb_content_element \">\n<div class=\"wpb_wrapper\">\n<p><a href=\"https:\/\/doctorfernandopifarre.com\/es\/politica-de-privacidad\/\" target=\"_blank\" rel=\"noopener\">Pol\u00edtica de Privacitat<\/a><\/p>\n<\/div>\n<p><\/div>\n<p><\/div>\n<p><\/div>\n<p><\/div>\n<p><\/div>\n<p>[\/vc_column_text][\/vc_column][\/vc_row]<\/p>\n<\/div>","protected":false},"excerpt":{"rendered":"<p>[vc_row css_animation=\u00bb\u00bb row_type=\u00bbrow\u00bb use_row_as_full_screen_section=\u00bbno\u00bb type=\u00bbfull_width\u00bb angled_section=\u00bbno\u00bb text_align=\u00bbleft\u00bb background_image_as_pattern=\u00bbwithout_pattern\u00bb][vc_column width=\u00bb1\/2&#8243;][vc_column_text css=\u00bb\u00bb] Horario y Localizaci\u00f3n Martes de 9:30h a 12h Lunes, Mi\u00e9rcoles, Jueves y Viernes de 16h a 19:30h Avda. Prat de la Riba, 42 2\u00ba 1\u00aa 25004 Lleida [\/vc_column_text][vc_separator type=\u00bbnormal\u00bb][vc_gmaps link=\u00bb#E-8_JTNDaWZyYW1lJTIwc3JjJTNEJTIyaHR0cHMlM0ElMkYlMkZ3d3cuZ29vZ2xlLmNvbSUyRm1hcHMlMkZlbWJlZCUzRnBiJTNEJTIxMW0xOCUyMTFtMTIlMjExbTMlMjExZDMzNC41NTgzMTA2MzE5NTElMjEyZDAuNjIzNDUzNzc0NzQ5MDA3MSUyMTNkNDEuNjIwNzUzNTc1MDkyNDQlMjEybTMlMjExZjAlMjEyZjAlMjEzZjAlMjEzbTIlMjExaTEwMjQlMjEyaTc2OCUyMTRmMTMuMSUyMTNtMyUyMTFtMiUyMTFzMHgxMmE2ZTA0MWJmNzg1NGZiJTI1M0EweGVlM2VkNjk5MmRhNmJmMGMlMjEyc0F2LiUyNTIwUHJhdCUyNTIwZGUlMjUyMGxhJTI1MjBSaWJhJTI1MkMlMjUyMDQyJTI1MkMlMjUyMDI1MDA4JTI1MjBMJTI1QzMlMjVBOXJpZGElMjE1ZTAlMjEzbTIlMjExc2VzJTIxMnNlcyUyMTR2MTY3NTY5NDY4MDYxOCUyMTVtMiUyMTFzZXMlMjEyc2VzJTIyJTIwd2lkdGglM0QlMjI2MDAlMjIlMjBoZWlnaHQlM0QlMjI0NTAlMjIlMjBzdHlsZSUzRCUyMmJvcmRlciUzQTAlM0IlMjIlMjBhbGxvd2Z1bGxzY3JlZW4lM0QlMjIlMjIlMjBsb2FkaW5nJTNEJTIybGF6eSUyMiUyMHJlZmVycmVycG9saWN5JTNEJTIybm8tcmVmZXJyZXItd2hlbi1kb3duZ3JhZGUlMjIlM0UlM0MlMkZpZnJhbWUlM0U=\u00bb address=\u00bbAvda. Prat de la Riba,&#8230;<\/p>\n","protected":false},"author":1,"featured_media":0,"parent":0,"menu_order":0,"comment_status":"open","ping_status":"open","template":"","meta":{"footnotes":""},"class_list":["post-3662","page","type-page","status-publish","hentry"],"yoast_head":"<!-- This site is optimized with the Yoast SEO plugin v27.2 - https:\/\/yoast.com\/product\/yoast-seo-wordpress\/ -->\n<title>D\u00f3nde estamos - Doctor Fernando Pifarr\u00e9<\/title>\n<meta name=\"robots\" content=\"index, follow, max-snippet:-1, max-image-preview:large, max-video-preview:-1\" \/>\n<link rel=\"canonical\" href=\"https:\/\/doctorfernandopifarre.com\/es\/donde-estamos\/\" \/>\n<meta property=\"og:locale\" content=\"es_ES\" \/>\n<meta property=\"og:type\" content=\"article\" \/>\n<meta property=\"og:title\" content=\"D\u00f3nde estamos - Doctor Fernando Pifarr\u00e9\" \/>\n<meta property=\"og:description\" content=\"[vc_row css_animation=\u00bb\u00bb row_type=\u00bbrow\u00bb use_row_as_full_screen_section=\u00bbno\u00bb type=\u00bbfull_width\u00bb angled_section=\u00bbno\u00bb text_align=\u00bbleft\u00bb background_image_as_pattern=\u00bbwithout_pattern\u00bb][vc_column width=\u00bb1\/2&#8243;][vc_column_text css=\u00bb\u00bb] Horario y Localizaci\u00f3n Martes de 9:30h a 12h Lunes, Mi\u00e9rcoles, Jueves y Viernes de 16h a 19:30h Avda. Prat de la Riba, 42 2\u00ba 1\u00aa 25004 Lleida [\/vc_column_text][vc_separator type=\u00bbnormal\u00bb][vc_gmaps link=\u00bb#E-8_JTNDaWZyYW1lJTIwc3JjJTNEJTIyaHR0cHMlM0ElMkYlMkZ3d3cuZ29vZ2xlLmNvbSUyRm1hcHMlMkZlbWJlZCUzRnBiJTNEJTIxMW0xOCUyMTFtMTIlMjExbTMlMjExZDMzNC41NTgzMTA2MzE5NTElMjEyZDAuNjIzNDUzNzc0NzQ5MDA3MSUyMTNkNDEuNjIwNzUzNTc1MDkyNDQlMjEybTMlMjExZjAlMjEyZjAlMjEzZjAlMjEzbTIlMjExaTEwMjQlMjEyaTc2OCUyMTRmMTMuMSUyMTNtMyUyMTFtMiUyMTFzMHgxMmE2ZTA0MWJmNzg1NGZiJTI1M0EweGVlM2VkNjk5MmRhNmJmMGMlMjEyc0F2LiUyNTIwUHJhdCUyNTIwZGUlMjUyMGxhJTI1MjBSaWJhJTI1MkMlMjUyMDQyJTI1MkMlMjUyMDI1MDA4JTI1MjBMJTI1QzMlMjVBOXJpZGElMjE1ZTAlMjEzbTIlMjExc2VzJTIxMnNlcyUyMTR2MTY3NTY5NDY4MDYxOCUyMTVtMiUyMTFzZXMlMjEyc2VzJTIyJTIwd2lkdGglM0QlMjI2MDAlMjIlMjBoZWlnaHQlM0QlMjI0NTAlMjIlMjBzdHlsZSUzRCUyMmJvcmRlciUzQTAlM0IlMjIlMjBhbGxvd2Z1bGxzY3JlZW4lM0QlMjIlMjIlMjBsb2FkaW5nJTNEJTIybGF6eSUyMiUyMHJlZmVycmVycG9saWN5JTNEJTIybm8tcmVmZXJyZXItd2hlbi1kb3duZ3JhZGUlMjIlM0UlM0MlMkZpZnJhbWUlM0U=\u00bb address=\u00bbAvda. Prat de la Riba,...\" \/>\n<meta property=\"og:url\" content=\"https:\/\/doctorfernandopifarre.com\/es\/donde-estamos\/\" \/>\n<meta property=\"og:site_name\" content=\"Doctor Fernando Pifarr\u00e9\" \/>\n<meta property=\"article:modified_time\" content=\"2025-10-07T21:10:50+00:00\" \/>\n<meta property=\"og:image\" content=\"https:\/\/doctorfernandopifarre.com\/wp-content\/uploads\/2023\/02\/doctor-fernando-pifarre-logo.jpg\" \/>\n\t<meta property=\"og:image:width\" content=\"433\" \/>\n\t<meta property=\"og:image:height\" content=\"101\" \/>\n\t<meta property=\"og:image:type\" content=\"image\/jpeg\" \/>\n<meta name=\"twitter:card\" content=\"summary_large_image\" \/>\n<meta name=\"twitter:site\" content=\"@fernandopifarre\" \/>\n<meta name=\"twitter:label1\" content=\"Tiempo de lectura\" \/>\n\t<meta name=\"twitter:data1\" content=\"1 minuto\" \/>\n<script type=\"application\/ld+json\" class=\"yoast-schema-graph\">{\"@context\":\"https:\/\/schema.org\",\"@graph\":[{\"@type\":\"WebPage\",\"@id\":\"https:\/\/doctorfernandopifarre.com\/es\/donde-estamos\/\",\"url\":\"https:\/\/doctorfernandopifarre.com\/es\/donde-estamos\/\",\"name\":\"D\u00f3nde estamos - Doctor Fernando Pifarr\u00e9\",\"isPartOf\":{\"@id\":\"https:\/\/doctorfernandopifarre.com\/es\/#website\"},\"datePublished\":\"2014-07-10T07:06:23+00:00\",\"dateModified\":\"2025-10-07T21:10:50+00:00\",\"breadcrumb\":{\"@id\":\"https:\/\/doctorfernandopifarre.com\/es\/donde-estamos\/#breadcrumb\"},\"inLanguage\":\"es\",\"potentialAction\":[{\"@type\":\"ReadAction\",\"target\":[\"https:\/\/doctorfernandopifarre.com\/es\/donde-estamos\/\"]}]},{\"@type\":\"BreadcrumbList\",\"@id\":\"https:\/\/doctorfernandopifarre.com\/es\/donde-estamos\/#breadcrumb\",\"itemListElement\":[{\"@type\":\"ListItem\",\"position\":1,\"name\":\"Inici\",\"item\":\"https:\/\/doctorfernandopifarre.com\/es\/\"},{\"@type\":\"ListItem\",\"position\":2,\"name\":\"D\u00f3nde estamos\"}]},{\"@type\":\"WebSite\",\"@id\":\"https:\/\/doctorfernandopifarre.com\/es\/#website\",\"url\":\"https:\/\/doctorfernandopifarre.com\/es\/\",\"name\":\"Doctor Fernando Pifarr\u00e9\",\"description\":\"Pod\u00f3logo en L\u00e9rida Dr Fernando Pifarre, contamos con un equipo de profesionales de la podolog\u00eda y revisiones deportivas con amplia experiencia.\",\"publisher\":{\"@id\":\"https:\/\/doctorfernandopifarre.com\/es\/#\/schema\/person\/cb8a61302a753c52201b00abd0ccc993\"},\"potentialAction\":[{\"@type\":\"SearchAction\",\"target\":{\"@type\":\"EntryPoint\",\"urlTemplate\":\"https:\/\/doctorfernandopifarre.com\/es\/?s={search_term_string}\"},\"query-input\":{\"@type\":\"PropertyValueSpecification\",\"valueRequired\":true,\"valueName\":\"search_term_string\"}}],\"inLanguage\":\"es\"},{\"@type\":[\"Person\",\"Organization\"],\"@id\":\"https:\/\/doctorfernandopifarre.com\/es\/#\/schema\/person\/cb8a61302a753c52201b00abd0ccc993\",\"name\":\"fpifarre\",\"image\":{\"@type\":\"ImageObject\",\"inLanguage\":\"es\",\"@id\":\"https:\/\/doctorfernandopifarre.com\/wp-content\/uploads\/2023\/02\/favicon.png\",\"url\":\"https:\/\/doctorfernandopifarre.com\/wp-content\/uploads\/2023\/02\/favicon.png\",\"contentUrl\":\"https:\/\/doctorfernandopifarre.com\/wp-content\/uploads\/2023\/02\/favicon.png\",\"width\":366,\"height\":502,\"caption\":\"fpifarre\"},\"logo\":{\"@id\":\"https:\/\/doctorfernandopifarre.com\/wp-content\/uploads\/2023\/02\/favicon.png\"},\"description\":\"Dr. en Medicina i Cirurgia (Facultat medicina UdL) metge especialista via MIR en medicina del'educaci\u00f3 f\u00edsica i l'esport (Hospital Cl\u00ednic. Barcelona). Diplomat Universitari en Podologia (UB. Campus de Bellvitge). T\u00e8cnic ortop\u00e8dic oficial (UB. Hospital Cl\u00ednic Barcelona). Cap del servei Medicina Esportiva. Generalitat Catalunya a Lleida. CAP 11 de Setembre Professor Biomec\u00e0nica. (UdL. Universitat Central de Catalunya)\",\"sameAs\":[\"http:\/\/doctorfernandopifarre.com\"]}]}<\/script>\n<!-- \/ Yoast SEO plugin. -->","yoast_head_json":{"title":"D\u00f3nde estamos - Doctor Fernando Pifarr\u00e9","robots":{"index":"index","follow":"follow","max-snippet":"max-snippet:-1","max-image-preview":"max-image-preview:large","max-video-preview":"max-video-preview:-1"},"canonical":"https:\/\/doctorfernandopifarre.com\/es\/donde-estamos\/","og_locale":"es_ES","og_type":"article","og_title":"D\u00f3nde estamos - Doctor Fernando Pifarr\u00e9","og_description":"[vc_row css_animation=\u00bb\u00bb row_type=\u00bbrow\u00bb use_row_as_full_screen_section=\u00bbno\u00bb type=\u00bbfull_width\u00bb angled_section=\u00bbno\u00bb text_align=\u00bbleft\u00bb background_image_as_pattern=\u00bbwithout_pattern\u00bb][vc_column width=\u00bb1\/2&#8243;][vc_column_text css=\u00bb\u00bb] Horario y Localizaci\u00f3n Martes de 9:30h a 12h Lunes, Mi\u00e9rcoles, Jueves y Viernes de 16h a 19:30h Avda. Prat de la Riba, 42 2\u00ba 1\u00aa 25004 Lleida [\/vc_column_text][vc_separator type=\u00bbnormal\u00bb][vc_gmaps link=\u00bb#E-8_JTNDaWZyYW1lJTIwc3JjJTNEJTIyaHR0cHMlM0ElMkYlMkZ3d3cuZ29vZ2xlLmNvbSUyRm1hcHMlMkZlbWJlZCUzRnBiJTNEJTIxMW0xOCUyMTFtMTIlMjExbTMlMjExZDMzNC41NTgzMTA2MzE5NTElMjEyZDAuNjIzNDUzNzc0NzQ5MDA3MSUyMTNkNDEuNjIwNzUzNTc1MDkyNDQlMjEybTMlMjExZjAlMjEyZjAlMjEzZjAlMjEzbTIlMjExaTEwMjQlMjEyaTc2OCUyMTRmMTMuMSUyMTNtMyUyMTFtMiUyMTFzMHgxMmE2ZTA0MWJmNzg1NGZiJTI1M0EweGVlM2VkNjk5MmRhNmJmMGMlMjEyc0F2LiUyNTIwUHJhdCUyNTIwZGUlMjUyMGxhJTI1MjBSaWJhJTI1MkMlMjUyMDQyJTI1MkMlMjUyMDI1MDA4JTI1MjBMJTI1QzMlMjVBOXJpZGElMjE1ZTAlMjEzbTIlMjExc2VzJTIxMnNlcyUyMTR2MTY3NTY5NDY4MDYxOCUyMTVtMiUyMTFzZXMlMjEyc2VzJTIyJTIwd2lkdGglM0QlMjI2MDAlMjIlMjBoZWlnaHQlM0QlMjI0NTAlMjIlMjBzdHlsZSUzRCUyMmJvcmRlciUzQTAlM0IlMjIlMjBhbGxvd2Z1bGxzY3JlZW4lM0QlMjIlMjIlMjBsb2FkaW5nJTNEJTIybGF6eSUyMiUyMHJlZmVycmVycG9saWN5JTNEJTIybm8tcmVmZXJyZXItd2hlbi1kb3duZ3JhZGUlMjIlM0UlM0MlMkZpZnJhbWUlM0U=\u00bb address=\u00bbAvda. Prat de la Riba,...","og_url":"https:\/\/doctorfernandopifarre.com\/es\/donde-estamos\/","og_site_name":"Doctor Fernando Pifarr\u00e9","article_modified_time":"2025-10-07T21:10:50+00:00","og_image":[{"width":433,"height":101,"url":"https:\/\/doctorfernandopifarre.com\/wp-content\/uploads\/2023\/02\/doctor-fernando-pifarre-logo.jpg","type":"image\/jpeg"}],"twitter_card":"summary_large_image","twitter_site":"@fernandopifarre","twitter_misc":{"Tiempo de lectura":"1 minuto"},"schema":{"@context":"https:\/\/schema.org","@graph":[{"@type":"WebPage","@id":"https:\/\/doctorfernandopifarre.com\/es\/donde-estamos\/","url":"https:\/\/doctorfernandopifarre.com\/es\/donde-estamos\/","name":"D\u00f3nde estamos - Doctor Fernando Pifarr\u00e9","isPartOf":{"@id":"https:\/\/doctorfernandopifarre.com\/es\/#website"},"datePublished":"2014-07-10T07:06:23+00:00","dateModified":"2025-10-07T21:10:50+00:00","breadcrumb":{"@id":"https:\/\/doctorfernandopifarre.com\/es\/donde-estamos\/#breadcrumb"},"inLanguage":"es","potentialAction":[{"@type":"ReadAction","target":["https:\/\/doctorfernandopifarre.com\/es\/donde-estamos\/"]}]},{"@type":"BreadcrumbList","@id":"https:\/\/doctorfernandopifarre.com\/es\/donde-estamos\/#breadcrumb","itemListElement":[{"@type":"ListItem","position":1,"name":"Inici","item":"https:\/\/doctorfernandopifarre.com\/es\/"},{"@type":"ListItem","position":2,"name":"D\u00f3nde estamos"}]},{"@type":"WebSite","@id":"https:\/\/doctorfernandopifarre.com\/es\/#website","url":"https:\/\/doctorfernandopifarre.com\/es\/","name":"Doctor Fernando Pifarr\u00e9","description":"Pod\u00f3logo en L\u00e9rida Dr Fernando Pifarre, contamos con un equipo de profesionales de la podolog\u00eda y revisiones deportivas con amplia experiencia.","publisher":{"@id":"https:\/\/doctorfernandopifarre.com\/es\/#\/schema\/person\/cb8a61302a753c52201b00abd0ccc993"},"potentialAction":[{"@type":"SearchAction","target":{"@type":"EntryPoint","urlTemplate":"https:\/\/doctorfernandopifarre.com\/es\/?s={search_term_string}"},"query-input":{"@type":"PropertyValueSpecification","valueRequired":true,"valueName":"search_term_string"}}],"inLanguage":"es"},{"@type":["Person","Organization"],"@id":"https:\/\/doctorfernandopifarre.com\/es\/#\/schema\/person\/cb8a61302a753c52201b00abd0ccc993","name":"fpifarre","image":{"@type":"ImageObject","inLanguage":"es","@id":"https:\/\/doctorfernandopifarre.com\/wp-content\/uploads\/2023\/02\/favicon.png","url":"https:\/\/doctorfernandopifarre.com\/wp-content\/uploads\/2023\/02\/favicon.png","contentUrl":"https:\/\/doctorfernandopifarre.com\/wp-content\/uploads\/2023\/02\/favicon.png","width":366,"height":502,"caption":"fpifarre"},"logo":{"@id":"https:\/\/doctorfernandopifarre.com\/wp-content\/uploads\/2023\/02\/favicon.png"},"description":"Dr. en Medicina i Cirurgia (Facultat medicina UdL) metge especialista via MIR en medicina del'educaci\u00f3 f\u00edsica i l'esport (Hospital Cl\u00ednic. Barcelona). Diplomat Universitari en Podologia (UB. Campus de Bellvitge). T\u00e8cnic ortop\u00e8dic oficial (UB. Hospital Cl\u00ednic Barcelona). Cap del servei Medicina Esportiva. Generalitat Catalunya a Lleida. CAP 11 de Setembre Professor Biomec\u00e0nica. (UdL. Universitat Central de Catalunya)","sameAs":["http:\/\/doctorfernandopifarre.com"]}]}},"_links":{"self":[{"href":"https:\/\/doctorfernandopifarre.com\/es\/wp-json\/wp\/v2\/pages\/3662","targetHints":{"allow":["GET"]}}],"collection":[{"href":"https:\/\/doctorfernandopifarre.com\/es\/wp-json\/wp\/v2\/pages"}],"about":[{"href":"https:\/\/doctorfernandopifarre.com\/es\/wp-json\/wp\/v2\/types\/page"}],"author":[{"embeddable":true,"href":"https:\/\/doctorfernandopifarre.com\/es\/wp-json\/wp\/v2\/users\/1"}],"replies":[{"embeddable":true,"href":"https:\/\/doctorfernandopifarre.com\/es\/wp-json\/wp\/v2\/comments?post=3662"}],"version-history":[{"count":3,"href":"https:\/\/doctorfernandopifarre.com\/es\/wp-json\/wp\/v2\/pages\/3662\/revisions"}],"predecessor-version":[{"id":6241,"href":"https:\/\/doctorfernandopifarre.com\/es\/wp-json\/wp\/v2\/pages\/3662\/revisions\/6241"}],"wp:attachment":[{"href":"https:\/\/doctorfernandopifarre.com\/es\/wp-json\/wp\/v2\/media?parent=3662"}],"curies":[{"name":"wp","href":"https:\/\/api.w.org\/{rel}","templated":true}]}}