{"id":3707,"date":"2023-02-07T17:40:09","date_gmt":"2023-02-07T16:40:09","guid":{"rendered":"https:\/\/doctorfernandopifarre.com\/aviso-legal\/"},"modified":"2023-02-07T17:50:59","modified_gmt":"2023-02-07T16:50:59","slug":"aviso-legal","status":"publish","type":"page","link":"https:\/\/doctorfernandopifarre.com\/es\/aviso-legal\/","title":{"rendered":"Aviso legal"},"content":{"rendered":"<div class=\"wpb-content-wrapper\"><p>[vc_row css_animation=\u00bb\u00bb row_type=\u00bbrow\u00bb use_row_as_full_screen_section=\u00bbno\u00bb type=\u00bbfull_width\u00bb angled_section=\u00bbno\u00bb text_align=\u00bbleft\u00bb background_image_as_pattern=\u00bbwithout_pattern\u00bb z_index=\u00bb\u00bb side_padding=\u00bb3&#8243;][vc_column][vc_column_text]<\/p>\n<p style=\"text-align: justify;\">Doctor Fernando Pifarre. con NIF: 40880891R, domicilio en Avd Prat de la Riba, 42, 2, 1a. 25008 Lleida con tel\u00e9fono 629 80 24 31 y direcci\u00f3n de correo electr\u00f3nico fpifarre@gmail.com, en adelante Doctor Fernando Pifarre pone a disposici\u00f3n de los internautas este sitio web en los t\u00e9rminos de aviso legal recogidos en las siguientes condiciones:<\/p>\n<p><strong>Primera.- Definici\u00f3n de usuario.<\/strong><\/p>\n<p style=\"text-align: justify;\">El acceso y\/o el uso otorga a quien lo realiza la condici\u00f3n de usuario, aceptando desde ese momento y sin reserva alguna las presentes condiciones generales, sin perjuicio de las condiciones particulares que pudiera establecerse para la regulaci\u00f3n de determinados servicios y\/o contenidos.<\/p>\n<p style=\"text-align: justify;\">En caso de que el usuario sea menor de edad habr\u00e1 de obtener previamente permiso de sus padres, tutores o representantes legales, quienes ser\u00e1n considerados responsables a todos los efectos de todos los actos realizados por los menores a su cargo.<\/p>\n<p><strong>Segunda.- Obligaciones del usuario.<\/strong><\/p>\n<p style=\"text-align: justify;\">El usuario se obliga a usar el sitio web conforme a la legalidad vigente, la buena fe, el orden p\u00fablico y los usos y costumbres generalmente aceptados.<\/p>\n<p style=\"text-align: justify;\">Asimismo, el usuario se obliga a no utilizar el sitio web con fines il\u00edcitos o lesivos para los derechos y\/o intereses de Doctor Fernando Pifarre y\/o terceros, y a no causar perjuicios o impedir el normal funcionamiento del sitio web.<\/p>\n<p><strong>Tercera.- Responsabilidad del usuario.<\/strong><\/p>\n<p style=\"text-align: justify;\">El uso que realice el usuario del sitio web ser\u00e1 responsabilidad \u00fanica y exclusiva de \u00e9ste, manteniendo en todo caso indemne a Doctor Fernando Pifarre de cualquier da\u00f1o y\/o perjuicio que directa o indirectamente, la no observaci\u00f3n de las presentes condiciones generales por parte del usuario, pudiera ocasionar al propio usuario o a terceros.<\/p>\n<p style=\"text-align: justify;\">En este sentido, Doctor Fernando Pifarre se reserva el derecho a denegar el acceso y\/o uso del sitio web o de cualquiera de sus contenidos y\/o servicios, a cualquier usuario que hubiera incumplido las presentes condiciones generales.<\/p>\n<p><strong>Cuarta.- Responsabilidad de Doctor Fernando Pifarre<br \/>\n<\/strong><\/p>\n<p style=\"text-align: justify;\">Doctor Fernando Pifarre no se hace responsable de los da\u00f1os y\/o perjuicios de cualquier naturaleza que pudiera sufrir el usuario o un tercero derivados de:<\/p>\n<p style=\"text-align: justify;\">La falta de disponibilidad, mantenimiento o efectivo funcionamiento del sitio web, de sus servicios o de sus contenidos;<br \/>\nLa falta de utilidad, veracidad, adecuaci\u00f3n o validez del sitio web, de sus servicios o de sus contenidos para satisfacer las necesidades o expectativas del usuario;<br \/>\nQue un tercero, quebrantando las medidas de seguridad establecidas utilice el sitio web, sus contenidos o servicios para la remisi\u00f3n de virus, o acceda a realizar un tratamiento no autorizado de los datos almacenados;<br \/>\nCualquier uso del sitio web, sus servicios y\/o contenidos que pudiera realizar el usuario o un tercero, en contra de las condiciones de acceso y uso de los mismos.<\/p>\n<p><strong>Quinta.- Autorizaci\u00f3n de uso de los contenidos.<\/strong><\/p>\n<p style=\"text-align: justify;\">Los contenidos que se ponen a disposici\u00f3n del usuario est\u00e1n protegidos por los derechos de propiedad intelectual necesarios y han sido legalmente cedidos a los fines oportunos por los correspondientes titulares de los mismos.<\/p>\n<p style=\"text-align: justify;\">Se autoriza al usuario a hacer uso de los mismos a los fines expresamente recogidos en el sitio web o en las presentes condiciones generales, quedando prohibida la reproducci\u00f3n, distribuci\u00f3n, modificaci\u00f3n o comunicaci\u00f3n p\u00fablica de los mismos total o parcial, excepto para los casos legalmente aceptados.<\/p>\n<p><strong>Sexta.- Autorizaci\u00f3n de uso de las marcas y logotipos.<\/strong><\/p>\n<p style=\"text-align: justify;\">Queda expresamente prohibido el uso o reproducci\u00f3n de las marcas y\/o logotipos del sitio web m\u00e1s all\u00e1 de los usos expresamente previstos en las presentes condiciones.<\/p>\n<p><strong>S\u00e9ptima.- Enlaces externos.<\/strong><\/p>\n<p style=\"text-align: justify;\">Los enlaces externos puestos a disposici\u00f3n del usuario tienen como \u00fanica finalidad facilitar el acceso a otros contenidos y\/o servicios que pudieran ser de su inter\u00e9s, no estando \u00e9stos gestionados ni controlados por Doctor Fernando Pifarre<\/p>\n<p style=\"text-align: justify;\">Doctor Fernando Pifarre no asume ning\u00fan tipo de responsabilidad directa ni indirecta en relaci\u00f3n con la licitud, veracidad, utilidad, calidad o fiabilidad de los contenidos y\/o servicios que no est\u00e9n directamente gestionados o controlados por Doctor Fernando Pifarre aunque \u00e9stos puedan ser accesibles a trav\u00e9s del sitio web.<\/p>\n<p><strong>Octava.- Tratamiento de datos personales.<\/strong><\/p>\n<p style=\"text-align: justify;\">Doctor Fernando Pifarre tiene establecida una pol\u00edtica de privacidad que regula la recogida, almacenamiento, tratamiento y uso de los datos personales que el usuario facilite. En este sentido, se garantiza el cumplimiento por su parte de dicha pol\u00edtica que puede ser consultada por el usuario accediendo al enlace correspondiente.<\/p>\n<p><strong>Novena.- Modificaci\u00f3n y cancelaci\u00f3n de las presentes condiciones.<\/strong><\/p>\n<p style=\"text-align: justify;\">Doctor Fernando Pifarre se reserva el derecho a modificar total o parcialmente el sitio web, su dise\u00f1o, contenidos y\/o servicios, as\u00ed como las presentes condiciones cuando as\u00ed lo estime oportuno.<\/p>\n<p style=\"text-align: justify;\">Igualmente, Doctor Fernando Pifarre se reserva el derecho a interrumpir, suspender temporalmente o cancelar definitivamente el sitio web o cualquiera de los contenidos y\/o servicios que lo integran, a su sola y entera discreci\u00f3n.<\/p>\n<p><strong>D\u00e9cima.- Legislaci\u00f3n aplicable y resoluci\u00f3n de conflictos.<\/strong><\/p>\n<p style=\"text-align: justify;\">Las partes se someten, a su elecci\u00f3n, para la resoluci\u00f3n de los conflictos y con renuncia a cualquier otro fuero, a los juzgados y tribunales del domicilio del usuario.<\/p>\n<p>[\/vc_column_text][\/vc_column][\/vc_row]<\/p>\n<\/div>","protected":false},"excerpt":{"rendered":"<p>[vc_row css_animation=\u00bb\u00bb row_type=\u00bbrow\u00bb use_row_as_full_screen_section=\u00bbno\u00bb type=\u00bbfull_width\u00bb angled_section=\u00bbno\u00bb text_align=\u00bbleft\u00bb background_image_as_pattern=\u00bbwithout_pattern\u00bb z_index=\u00bb\u00bb side_padding=\u00bb3&#8243;][vc_column][vc_column_text] Doctor Fernando Pifarre. con NIF: 40880891R, domicilio en Avd Prat de la Riba, 42, 2, 1a. 25008 Lleida con tel\u00e9fono 629 80 24 31 y direcci\u00f3n de correo electr\u00f3nico fpifarre@gmail.com, en adelante Doctor Fernando Pifarre&#8230;<\/p>\n","protected":false},"author":1,"featured_media":0,"parent":0,"menu_order":0,"comment_status":"closed","ping_status":"closed","template":"","meta":{"footnotes":""},"class_list":["post-3707","page","type-page","status-publish","hentry"],"yoast_head":"<!-- This site is optimized with the Yoast SEO plugin v27.2 - https:\/\/yoast.com\/product\/yoast-seo-wordpress\/ -->\n<title>Aviso legal - Doctor Fernando Pifarr\u00e9<\/title>\n<meta name=\"robots\" content=\"index, follow, max-snippet:-1, max-image-preview:large, max-video-preview:-1\" \/>\n<link rel=\"canonical\" href=\"https:\/\/doctorfernandopifarre.com\/es\/aviso-legal\/\" \/>\n<meta property=\"og:locale\" content=\"es_ES\" \/>\n<meta property=\"og:type\" content=\"article\" \/>\n<meta property=\"og:title\" content=\"Aviso legal - Doctor Fernando Pifarr\u00e9\" \/>\n<meta property=\"og:description\" content=\"[vc_row css_animation=\u00bb\u00bb row_type=\u00bbrow\u00bb use_row_as_full_screen_section=\u00bbno\u00bb type=\u00bbfull_width\u00bb angled_section=\u00bbno\u00bb text_align=\u00bbleft\u00bb background_image_as_pattern=\u00bbwithout_pattern\u00bb z_index=\u00bb\u00bb side_padding=\u00bb3&#8243;][vc_column][vc_column_text] Doctor Fernando Pifarre. con NIF: 40880891R, domicilio en Avd Prat de la Riba, 42, 2, 1a. 25008 Lleida con tel\u00e9fono 629 80 24 31 y direcci\u00f3n de correo electr\u00f3nico fpifarre@gmail.com, en adelante Doctor Fernando Pifarre...\" \/>\n<meta property=\"og:url\" content=\"https:\/\/doctorfernandopifarre.com\/es\/aviso-legal\/\" \/>\n<meta property=\"og:site_name\" content=\"Doctor Fernando Pifarr\u00e9\" \/>\n<meta property=\"article:modified_time\" content=\"2023-02-07T16:50:59+00:00\" \/>\n<meta property=\"og:image\" content=\"https:\/\/doctorfernandopifarre.com\/wp-content\/uploads\/2023\/02\/doctor-fernando-pifarre-logo.jpg\" \/>\n\t<meta property=\"og:image:width\" content=\"433\" \/>\n\t<meta property=\"og:image:height\" content=\"101\" \/>\n\t<meta property=\"og:image:type\" content=\"image\/jpeg\" \/>\n<meta name=\"twitter:card\" content=\"summary_large_image\" \/>\n<meta name=\"twitter:site\" content=\"@fernandopifarre\" \/>\n<meta name=\"twitter:label1\" content=\"Tiempo de lectura\" \/>\n\t<meta name=\"twitter:data1\" content=\"5 minutos\" \/>\n<script type=\"application\/ld+json\" class=\"yoast-schema-graph\">{\"@context\":\"https:\/\/schema.org\",\"@graph\":[{\"@type\":\"WebPage\",\"@id\":\"https:\/\/doctorfernandopifarre.com\/es\/aviso-legal\/\",\"url\":\"https:\/\/doctorfernandopifarre.com\/es\/aviso-legal\/\",\"name\":\"Aviso legal - Doctor Fernando Pifarr\u00e9\",\"isPartOf\":{\"@id\":\"https:\/\/doctorfernandopifarre.com\/es\/#website\"},\"datePublished\":\"2023-02-07T16:40:09+00:00\",\"dateModified\":\"2023-02-07T16:50:59+00:00\",\"breadcrumb\":{\"@id\":\"https:\/\/doctorfernandopifarre.com\/es\/aviso-legal\/#breadcrumb\"},\"inLanguage\":\"es\",\"potentialAction\":[{\"@type\":\"ReadAction\",\"target\":[\"https:\/\/doctorfernandopifarre.com\/es\/aviso-legal\/\"]}]},{\"@type\":\"BreadcrumbList\",\"@id\":\"https:\/\/doctorfernandopifarre.com\/es\/aviso-legal\/#breadcrumb\",\"itemListElement\":[{\"@type\":\"ListItem\",\"position\":1,\"name\":\"Inici\",\"item\":\"https:\/\/doctorfernandopifarre.com\/es\/\"},{\"@type\":\"ListItem\",\"position\":2,\"name\":\"Aviso legal\"}]},{\"@type\":\"WebSite\",\"@id\":\"https:\/\/doctorfernandopifarre.com\/es\/#website\",\"url\":\"https:\/\/doctorfernandopifarre.com\/es\/\",\"name\":\"Doctor Fernando Pifarr\u00e9\",\"description\":\"Pod\u00f3logo en L\u00e9rida Dr Fernando Pifarre, contamos con un equipo de profesionales de la podolog\u00eda y revisiones deportivas con amplia experiencia.\",\"publisher\":{\"@id\":\"https:\/\/doctorfernandopifarre.com\/es\/#\/schema\/person\/cb8a61302a753c52201b00abd0ccc993\"},\"potentialAction\":[{\"@type\":\"SearchAction\",\"target\":{\"@type\":\"EntryPoint\",\"urlTemplate\":\"https:\/\/doctorfernandopifarre.com\/es\/?s={search_term_string}\"},\"query-input\":{\"@type\":\"PropertyValueSpecification\",\"valueRequired\":true,\"valueName\":\"search_term_string\"}}],\"inLanguage\":\"es\"},{\"@type\":[\"Person\",\"Organization\"],\"@id\":\"https:\/\/doctorfernandopifarre.com\/es\/#\/schema\/person\/cb8a61302a753c52201b00abd0ccc993\",\"name\":\"fpifarre\",\"image\":{\"@type\":\"ImageObject\",\"inLanguage\":\"es\",\"@id\":\"https:\/\/doctorfernandopifarre.com\/wp-content\/uploads\/2023\/02\/favicon.png\",\"url\":\"https:\/\/doctorfernandopifarre.com\/wp-content\/uploads\/2023\/02\/favicon.png\",\"contentUrl\":\"https:\/\/doctorfernandopifarre.com\/wp-content\/uploads\/2023\/02\/favicon.png\",\"width\":366,\"height\":502,\"caption\":\"fpifarre\"},\"logo\":{\"@id\":\"https:\/\/doctorfernandopifarre.com\/wp-content\/uploads\/2023\/02\/favicon.png\"},\"description\":\"Dr. en Medicina i Cirurgia (Facultat medicina UdL) metge especialista via MIR en medicina del'educaci\u00f3 f\u00edsica i l'esport (Hospital Cl\u00ednic. Barcelona). Diplomat Universitari en Podologia (UB. Campus de Bellvitge). T\u00e8cnic ortop\u00e8dic oficial (UB. Hospital Cl\u00ednic Barcelona). Cap del servei Medicina Esportiva. Generalitat Catalunya a Lleida. CAP 11 de Setembre Professor Biomec\u00e0nica. (UdL. Universitat Central de Catalunya)\",\"sameAs\":[\"http:\/\/doctorfernandopifarre.com\"]}]}<\/script>\n<!-- \/ Yoast SEO plugin. -->","yoast_head_json":{"title":"Aviso legal - Doctor Fernando Pifarr\u00e9","robots":{"index":"index","follow":"follow","max-snippet":"max-snippet:-1","max-image-preview":"max-image-preview:large","max-video-preview":"max-video-preview:-1"},"canonical":"https:\/\/doctorfernandopifarre.com\/es\/aviso-legal\/","og_locale":"es_ES","og_type":"article","og_title":"Aviso legal - Doctor Fernando Pifarr\u00e9","og_description":"[vc_row css_animation=\u00bb\u00bb row_type=\u00bbrow\u00bb use_row_as_full_screen_section=\u00bbno\u00bb type=\u00bbfull_width\u00bb angled_section=\u00bbno\u00bb text_align=\u00bbleft\u00bb background_image_as_pattern=\u00bbwithout_pattern\u00bb z_index=\u00bb\u00bb side_padding=\u00bb3&#8243;][vc_column][vc_column_text] Doctor Fernando Pifarre. con NIF: 40880891R, domicilio en Avd Prat de la Riba, 42, 2, 1a. 25008 Lleida con tel\u00e9fono 629 80 24 31 y direcci\u00f3n de correo electr\u00f3nico fpifarre@gmail.com, en adelante Doctor Fernando Pifarre...","og_url":"https:\/\/doctorfernandopifarre.com\/es\/aviso-legal\/","og_site_name":"Doctor Fernando Pifarr\u00e9","article_modified_time":"2023-02-07T16:50:59+00:00","og_image":[{"width":433,"height":101,"url":"https:\/\/doctorfernandopifarre.com\/wp-content\/uploads\/2023\/02\/doctor-fernando-pifarre-logo.jpg","type":"image\/jpeg"}],"twitter_card":"summary_large_image","twitter_site":"@fernandopifarre","twitter_misc":{"Tiempo de lectura":"5 minutos"},"schema":{"@context":"https:\/\/schema.org","@graph":[{"@type":"WebPage","@id":"https:\/\/doctorfernandopifarre.com\/es\/aviso-legal\/","url":"https:\/\/doctorfernandopifarre.com\/es\/aviso-legal\/","name":"Aviso legal - Doctor Fernando Pifarr\u00e9","isPartOf":{"@id":"https:\/\/doctorfernandopifarre.com\/es\/#website"},"datePublished":"2023-02-07T16:40:09+00:00","dateModified":"2023-02-07T16:50:59+00:00","breadcrumb":{"@id":"https:\/\/doctorfernandopifarre.com\/es\/aviso-legal\/#breadcrumb"},"inLanguage":"es","potentialAction":[{"@type":"ReadAction","target":["https:\/\/doctorfernandopifarre.com\/es\/aviso-legal\/"]}]},{"@type":"BreadcrumbList","@id":"https:\/\/doctorfernandopifarre.com\/es\/aviso-legal\/#breadcrumb","itemListElement":[{"@type":"ListItem","position":1,"name":"Inici","item":"https:\/\/doctorfernandopifarre.com\/es\/"},{"@type":"ListItem","position":2,"name":"Aviso legal"}]},{"@type":"WebSite","@id":"https:\/\/doctorfernandopifarre.com\/es\/#website","url":"https:\/\/doctorfernandopifarre.com\/es\/","name":"Doctor Fernando Pifarr\u00e9","description":"Pod\u00f3logo en L\u00e9rida Dr Fernando Pifarre, contamos con un equipo de profesionales de la podolog\u00eda y revisiones deportivas con amplia experiencia.","publisher":{"@id":"https:\/\/doctorfernandopifarre.com\/es\/#\/schema\/person\/cb8a61302a753c52201b00abd0ccc993"},"potentialAction":[{"@type":"SearchAction","target":{"@type":"EntryPoint","urlTemplate":"https:\/\/doctorfernandopifarre.com\/es\/?s={search_term_string}"},"query-input":{"@type":"PropertyValueSpecification","valueRequired":true,"valueName":"search_term_string"}}],"inLanguage":"es"},{"@type":["Person","Organization"],"@id":"https:\/\/doctorfernandopifarre.com\/es\/#\/schema\/person\/cb8a61302a753c52201b00abd0ccc993","name":"fpifarre","image":{"@type":"ImageObject","inLanguage":"es","@id":"https:\/\/doctorfernandopifarre.com\/wp-content\/uploads\/2023\/02\/favicon.png","url":"https:\/\/doctorfernandopifarre.com\/wp-content\/uploads\/2023\/02\/favicon.png","contentUrl":"https:\/\/doctorfernandopifarre.com\/wp-content\/uploads\/2023\/02\/favicon.png","width":366,"height":502,"caption":"fpifarre"},"logo":{"@id":"https:\/\/doctorfernandopifarre.com\/wp-content\/uploads\/2023\/02\/favicon.png"},"description":"Dr. en Medicina i Cirurgia (Facultat medicina UdL) metge especialista via MIR en medicina del'educaci\u00f3 f\u00edsica i l'esport (Hospital Cl\u00ednic. Barcelona). Diplomat Universitari en Podologia (UB. Campus de Bellvitge). T\u00e8cnic ortop\u00e8dic oficial (UB. Hospital Cl\u00ednic Barcelona). Cap del servei Medicina Esportiva. Generalitat Catalunya a Lleida. CAP 11 de Setembre Professor Biomec\u00e0nica. (UdL. Universitat Central de Catalunya)","sameAs":["http:\/\/doctorfernandopifarre.com"]}]}},"_links":{"self":[{"href":"https:\/\/doctorfernandopifarre.com\/es\/wp-json\/wp\/v2\/pages\/3707","targetHints":{"allow":["GET"]}}],"collection":[{"href":"https:\/\/doctorfernandopifarre.com\/es\/wp-json\/wp\/v2\/pages"}],"about":[{"href":"https:\/\/doctorfernandopifarre.com\/es\/wp-json\/wp\/v2\/types\/page"}],"author":[{"embeddable":true,"href":"https:\/\/doctorfernandopifarre.com\/es\/wp-json\/wp\/v2\/users\/1"}],"replies":[{"embeddable":true,"href":"https:\/\/doctorfernandopifarre.com\/es\/wp-json\/wp\/v2\/comments?post=3707"}],"version-history":[{"count":0,"href":"https:\/\/doctorfernandopifarre.com\/es\/wp-json\/wp\/v2\/pages\/3707\/revisions"}],"wp:attachment":[{"href":"https:\/\/doctorfernandopifarre.com\/es\/wp-json\/wp\/v2\/media?parent=3707"}],"curies":[{"name":"wp","href":"https:\/\/api.w.org\/{rel}","templated":true}]}}