{"id":4968,"date":"2023-11-15T22:04:21","date_gmt":"2023-11-15T21:04:21","guid":{"rendered":"https:\/\/doctorfernandopifarre.com\/revisiones-deportivas\/"},"modified":"2023-11-16T18:47:17","modified_gmt":"2023-11-16T17:47:17","slug":"revisiones-deportivas","status":"publish","type":"page","link":"https:\/\/doctorfernandopifarre.com\/es\/revisiones-deportivas\/","title":{"rendered":"Revisiones deportivas"},"content":{"rendered":"<div class=\"wpb-content-wrapper\"><p>[vc_row css_animation=\u00bb\u00bb row_type=\u00bbrow\u00bb use_row_as_full_screen_section=\u00bbno\u00bb type=\u00bbfull_width\u00bb angled_section=\u00bbno\u00bb text_align=\u00bbcenter\u00bb background_image_as_pattern=\u00bbwithout_pattern\u00bb z_index=\u00bb\u00bb side_padding=\u00bb5&#8243;][vc_column][vc_column_text]<\/p>\n<h4>El centro de revisiones deportivas del doctor Fernando Pifarr\u00e9 es un centro acreditado por la Generalitat de Catalunya con el ep\u00edgrafe (E25858670) para la realizaci\u00f3n de los servicios de medicina deportiva de nivel II por lo que puede realizar los siguientes servicios:<\/h4>\n<p>[\/vc_column_text][vc_empty_space][\/vc_column][\/vc_row][vc_row css_animation=\u00bb\u00bb row_type=\u00bbrow\u00bb use_row_as_full_screen_section=\u00bbno\u00bb type=\u00bbfull_width\u00bb angled_section=\u00bbno\u00bb text_align=\u00bbleft\u00bb background_image_as_pattern=\u00bbwithout_pattern\u00bb][vc_column width=\u00bb1\/4&#8243;][\/vc_column][vc_column width=\u00bb1\/2&#8243;][vc_text_separator title=\u00bbACREDITACI\u00d3N: E25858670&#8243; border=\u00bbno\u00bb][vc_empty_space][\/vc_column][vc_column width=\u00bb1\/4&#8243;][\/vc_column][\/vc_row][vc_row css_animation=\u00bb\u00bb row_type=\u00bbrow\u00bb use_row_as_full_screen_section=\u00bbno\u00bb type=\u00bbfull_width\u00bb angled_section=\u00bbno\u00bb text_align=\u00bbleft\u00bb background_image_as_pattern=\u00bbwithout_pattern\u00bb z_index=\u00bb\u00bb side_padding=\u00bb5&#8243;][vc_column][vc_column_text]<\/p>\n<h4><strong><u>A Nivel 1 o inicial: se extienden los certificados m\u00e9dicos de aptitud para la pr\u00e1ctica deportiva para obtener la licencia deportiva que permita el ejercicio de la actividad f\u00edsica o del deporte de Catalunya.<\/h4>\n<p>&nbsp;<\/p>\n<h4><strong><em>Los actos m\u00e9dicos que incluyen son peso, talla, antropometr\u00eda sencilla, exploraci\u00f3n f\u00edsica cardiopulmonar y del aparato locomotor, toma de tensi\u00f3n arterial, espirometr\u00eda forzada y electrocardiograma basal<\/em><\/strong><\/h4>\n<p>[\/vc_column_text][vc_empty_space][vc_column_text]<\/p>\n\n\t\t<style type=\"text\/css\">\n\t\t\t#gallery-1 {\n\t\t\t\tmargin: auto;\n\t\t\t}\n\t\t\t#gallery-1 .gallery-item {\n\t\t\t\tfloat: left;\n\t\t\t\tmargin-top: 10px;\n\t\t\t\ttext-align: center;\n\t\t\t\twidth: 50%;\n\t\t\t}\n\t\t\t#gallery-1 img {\n\t\t\t\tborder: 2px solid #cfcfcf;\n\t\t\t}\n\t\t\t#gallery-1 .gallery-caption {\n\t\t\t\tmargin-left: 0;\n\t\t\t}\n\t\t\t\/* see gallery_shortcode() in wp-includes\/media.php *\/\n\t\t<\/style>\n\t\t<div id='gallery-1' class='gallery galleryid-4968 gallery-columns-2 gallery-size-medium'><dl class='gallery-item'>\n\t\t\t<dt class='gallery-icon portrait'>\n\t\t\t\t<img loading=\"lazy\" decoding=\"async\" width=\"225\" height=\"300\" src=\"https:\/\/doctorfernandopifarre.com\/wp-content\/uploads\/2023\/11\/revisions-esportives-nivell-1-225x300.png\" class=\"attachment-medium size-medium\" alt=\"revisions esportives nivell 1\" srcset=\"https:\/\/doctorfernandopifarre.com\/wp-content\/uploads\/2023\/11\/revisions-esportives-nivell-1-225x300.png 225w, https:\/\/doctorfernandopifarre.com\/wp-content\/uploads\/2023\/11\/revisions-esportives-nivell-1.png 313w\" sizes=\"auto, (max-width: 225px) 100vw, 225px\" \/>\n\t\t\t<\/dt><\/dl><dl class='gallery-item'>\n\t\t\t<dt class='gallery-icon landscape'>\n\t\t\t\t<img loading=\"lazy\" decoding=\"async\" width=\"300\" height=\"225\" src=\"https:\/\/doctorfernandopifarre.com\/wp-content\/uploads\/2023\/11\/electrocardiograma-300x225.png\" class=\"attachment-medium size-medium\" alt=\"electrocardiograma\" srcset=\"https:\/\/doctorfernandopifarre.com\/wp-content\/uploads\/2023\/11\/electrocardiograma-300x225.png 300w, https:\/\/doctorfernandopifarre.com\/wp-content\/uploads\/2023\/11\/electrocardiograma.png 312w\" sizes=\"auto, (max-width: 300px) 100vw, 300px\" \/>\n\t\t\t<\/dt><\/dl><br style=\"clear: both\" \/>\n\t\t<\/div>\n\n<p>[\/vc_column_text][vc_empty_space height=\u00bb12px\u00bb][vc_column_text]<strong><em>Imprescindible realizar electocadiograma<\/em><\/strong>[\/vc_column_text][vc_empty_space][vc_column_text]<\/p>\n<h4><strong><u>B Nivel 2 o avanzado: se lleva acabo los controles y seguimientos de deportistas de riesgo o especiales y los de m\u00e1ximo rendimiento, dentro de los procedimientos de control y valoraci\u00f3n biol\u00f3gica del entrenamiento deportivo<\/h4>\n<p>&nbsp;<\/p>\n<h4><strong><em>En este caso. la antropometria es completa y se realizan pruebas de esfuerzo indirectas. B\u00e1sicamente son pacientes que est\u00e1n becados en los centros de tecnificaci\u00f3n<\/em><\/strong><\/h4>\n<p>&nbsp;<\/p>\n<p>&nbsp;<\/p>\n<h4><strong><u>C. Nivel 3 o preferente: son los centros y servicios acreditados para poder desarrollar protocolos de seguimiento espec\u00edficos de la patolog\u00eda derivada de la pr\u00e1ctica deportiva de m\u00e1ximo rendimiento. <\/h4>\n<p>&nbsp;<\/p>\n<h4><strong><em>Se hace lo mismo que en el nivel II, pero ahora las pruebas de esfuerzos son directas y est\u00e1n encaradas en el programa ARC (alto rendimiento de Catalunya) <\/em><\/strong><\/h4>\n<p>&nbsp;<\/p>\n<h4><strong><em>Es imprescindible para ganar, entrenar a los ritmos que te marca los \u00fambrlaes ventilatorios y el consumo de ox\u00edgeno. Esto s\u00f3lo te lo dice de forma diracta una prueba de esfuerzo con an\u00e1lisis de gases <\/em><\/strong><\/h4>\n<p>[\/vc_column_text][vc_empty_space height=\u00bb12px\u00bb][vc_single_image image=\u00bb4950&#8243; img_size=\u00bb400&#215;600&#8243; alignment=\u00bbcenter\u00bb qode_css_animation=\u00bb\u00bb][vc_empty_space][vc_column_text]<\/p>\n<h4>Tenemos una trayectoria de m\u00e1s de 30 a\u00f1os al servicio de medicina deportiva en Lleida por lo que podemos afirmar que hemos visitado todos los centros de tecnificaci\u00f3n de Lleida y de estos hemos obtenido unos cuantos deportistas que han sido ol\u00edmpicos<\/h4>\n<p>[\/vc_column_text][vc_empty_space][vc_text_separator title=\u00bb-\tLAS REVISIONES DEPORTIVAS NO SON UN MERO TR\u00c1MITE PARA TRAMITAR LA FICHA DEPORTIVA. SI LAS ENTIENDES  ASI TE ESTAS EQUIVOCANDO\u00bb border=\u00bbno\u00bb][vc_empty_space][vc_text_separator title=\u00bb-\tES EL PRIMER ESLABON PARA PREVENIR LA MUERTE S\u00daBITA\u00bb border=\u00bbno\u00bb][vc_empty_space][vc_text_separator title=\u00bb-\tES NECESARIA HACERLA EN CENTROS ACREDITADOS Y POR M\u00c9DICOS ESPECIALISTAS\u00bb border=\u00bbno\u00bb][vc_empty_space][\/vc_column][\/vc_row][vc_row css_animation=\u00bb\u00bb row_type=\u00bbrow\u00bb use_row_as_full_screen_section=\u00bbno\u00bb type=\u00bbfull_width\u00bb angled_section=\u00bbno\u00bb text_align=\u00bbleft\u00bb background_image_as_pattern=\u00bbwithout_pattern\u00bb][vc_column width=\u00bb1\/2&#8243;][vc_video link=\u00bbhttps:\/\/youtube.com\/shorts\/nOvluldsqzE?feature=share\u00bb][\/vc_column][vc_column width=\u00bb1\/2&#8243;][vc_video link=\u00bbhttps:\/\/www.youtube.com\/watch?v=Pfsh2TXwwm4&amp;ab_channel=FernandoPifarre\u00bb][\/vc_column][\/vc_row][vc_row css_animation=\u00bb\u00bb row_type=\u00bbrow\u00bb use_row_as_full_screen_section=\u00bbno\u00bb type=\u00bbfull_width\u00bb angled_section=\u00bbno\u00bb text_align=\u00bbleft\u00bb background_image_as_pattern=\u00bbwithout_pattern\u00bb z_index=\u00bb\u00bb side_padding=\u00bb5&#8243;][vc_column][vc_column_text]Silvia Carles y Ram\u00f3n Batalla. Prueba de esfuerzo con an\u00e1lisis de gases[\/vc_column_text][vc_empty_space][\/vc_column][\/vc_row][vc_row css_animation=\u00bb\u00bb row_type=\u00bbrow\u00bb use_row_as_full_screen_section=\u00bbno\u00bb type=\u00bbfull_width\u00bb angled_section=\u00bbno\u00bb text_align=\u00bbleft\u00bb background_image_as_pattern=\u00bbwithout_pattern\u00bb][vc_column width=\u00bb1\/4&#8243;][\/vc_column][vc_column width=\u00bb1\/2&#8243; css=\u00bb.vc_custom_1700084313667{background-color: #d1d1d1 !important;}\u00bb][vc_empty_space][vc_column_text]<\/p>\n<h4 style=\"text-align: center;\"><span style=\"color: #ff0000;\"><strong>NUESTRO CENTRO NOS PERMITE REALIZAR CUALQUIER TIPO DE LAS 3 REVISIONES DEPORTIVAS QUE EXISTEN EN EL MERCADO <\/strong><\/span><\/h4>\n<p>[\/vc_column_text][vc_empty_space][\/vc_column][vc_column width=\u00bb1\/4&#8243;][\/vc_column][\/vc_row][vc_row css_animation=\u00bb\u00bb row_type=\u00bbrow\u00bb use_row_as_full_screen_section=\u00bbno\u00bb type=\u00bbfull_width\u00bb angled_section=\u00bbno\u00bb text_align=\u00bbleft\u00bb background_image_as_pattern=\u00bbwithout_pattern\u00bb][vc_column][vc_empty_space height=\u00bb52px\u00bb][\/vc_column][\/vc_row][vc_row css_animation=\u00bb\u00bb row_type=\u00bbrow\u00bb use_row_as_full_screen_section=\u00bbno\u00bb type=\u00bbfull_width\u00bb angled_section=\u00bbno\u00bb text_align=\u00bbleft\u00bb background_image_as_pattern=\u00bbwithout_pattern\u00bb][vc_column width=\u00bb1\/4&#8243;][\/vc_column][vc_column width=\u00bb1\/2&#8243; css=\u00bb.vc_custom_1700084313667{background-color: #d1d1d1 !important;}\u00bb][vc_empty_space][vc_column_text]<\/p>\n<h4 style=\"text-align: center;\"><span style=\"color: #ff0000;\"><strong>DISPONEMOS DE TODOS LOS PERMISOS Y ACREDITACIONES NECESARIOS QUE GARANTIZAN LA SEGURIDAD DE LOS PACIENTES<\/strong><\/span><\/h4>\n<p>[\/vc_column_text][vc_empty_space][\/vc_column][vc_column width=\u00bb1\/4&#8243;][\/vc_column][\/vc_row][vc_row css_animation=\u00bb\u00bb row_type=\u00bbrow\u00bb use_row_as_full_screen_section=\u00bbno\u00bb type=\u00bbfull_width\u00bb angled_section=\u00bbno\u00bb text_align=\u00bbleft\u00bb background_image_as_pattern=\u00bbwithout_pattern\u00bb][vc_column][vc_empty_space height=\u00bb52px\u00bb][\/vc_column][\/vc_row][vc_row css_animation=\u00bb\u00bb row_type=\u00bbrow\u00bb use_row_as_full_screen_section=\u00bbno\u00bb type=\u00bbfull_width\u00bb angled_section=\u00bbno\u00bb text_align=\u00bbleft\u00bb background_image_as_pattern=\u00bbwithout_pattern\u00bb][vc_column width=\u00bb1\/6&#8243;][\/vc_column][vc_column width=\u00bb2\/3&#8243; css=\u00bb.vc_custom_1700084586586{background-color: #ededed !important;}\u00bb][vc_empty_space][vc_column_text]<\/p>\n<h4 style=\"text-align: center;\"><span style=\"color: #ff0000;\"><strong>SI QUIERES PRACTICAR DEPORTE CON TODAS LAS GARANTIAS QUE TE MERECES DEBES VISITARSNOS YA QUE SOMOS LA EXCELENCIA DE LA PROFESION EN LLEIDA<\/strong><\/span><\/h4>\n<p>[\/vc_column_text][vc_empty_space height=\u00bb22px\u00bb][vc_column_text]<\/p>\n<h4 style=\"text-align: center;\"><strong>Centro de revisiones deportivas Dr. Fernando Pifarr\u00e9     629802431<\/strong><\/h4>\n<h4 style=\"text-align: center;\"><span style=\"color: #ff0000;\"><strong>\u00a0<\/strong><\/span><\/h4>\n<p>[\/vc_column_text][vc_empty_space][\/vc_column][vc_column width=\u00bb1\/6&#8243;][\/vc_column][\/vc_row][vc_row css_animation=\u00bb\u00bb row_type=\u00bbrow\u00bb use_row_as_full_screen_section=\u00bbno\u00bb type=\u00bbfull_width\u00bb angled_section=\u00bbno\u00bb text_align=\u00bbleft\u00bb background_image_as_pattern=\u00bbwithout_pattern\u00bb][vc_column][vc_empty_space height=\u00bb52px\u00bb][\/vc_column][\/vc_row]<\/p>\n<\/div>","protected":false},"excerpt":{"rendered":"<p>[vc_row css_animation=\u00bb\u00bb row_type=\u00bbrow\u00bb use_row_as_full_screen_section=\u00bbno\u00bb type=\u00bbfull_width\u00bb angled_section=\u00bbno\u00bb text_align=\u00bbcenter\u00bb background_image_as_pattern=\u00bbwithout_pattern\u00bb z_index=\u00bb\u00bb side_padding=\u00bb5&#8243;][vc_column][vc_column_text] El centro de revisiones deportivas del doctor Fernando Pifarr\u00e9 es un centro acreditado por la Generalitat de Catalunya con el ep\u00edgrafe (E25858670) para la realizaci\u00f3n de los servicios de medicina deportiva de nivel II por&#8230;<\/p>\n","protected":false},"author":1,"featured_media":0,"parent":0,"menu_order":0,"comment_status":"closed","ping_status":"closed","template":"full_width.php","meta":{"footnotes":""},"class_list":["post-4968","page","type-page","status-publish","hentry"],"yoast_head":"<!-- This site is optimized with the Yoast SEO plugin v27.2 - https:\/\/yoast.com\/product\/yoast-seo-wordpress\/ -->\n<title>Revisiones deportivas - Doctor Fernando Pifarr\u00e9<\/title>\n<meta name=\"description\" content=\"El centro de revisiones deportivas de L\u00e9rida del doctor Fernando Pifarr\u00e9, es un centro acreditado para la realizaci\u00f3n de los servicios de medicina deportiva de nivel II.\" \/>\n<meta name=\"robots\" content=\"index, follow, max-snippet:-1, max-image-preview:large, max-video-preview:-1\" \/>\n<link rel=\"canonical\" href=\"https:\/\/doctorfernandopifarre.com\/es\/revisiones-deportivas\/\" \/>\n<meta property=\"og:locale\" content=\"es_ES\" \/>\n<meta property=\"og:type\" content=\"article\" \/>\n<meta property=\"og:title\" content=\"Revisiones deportivas - Doctor Fernando Pifarr\u00e9\" \/>\n<meta property=\"og:description\" content=\"El centro de revisiones deportivas de L\u00e9rida del doctor Fernando Pifarr\u00e9, es un centro acreditado para la realizaci\u00f3n de los servicios de medicina deportiva de nivel II.\" \/>\n<meta property=\"og:url\" content=\"https:\/\/doctorfernandopifarre.com\/es\/revisiones-deportivas\/\" \/>\n<meta property=\"og:site_name\" content=\"Doctor Fernando Pifarr\u00e9\" \/>\n<meta property=\"article:modified_time\" content=\"2023-11-16T17:47:17+00:00\" \/>\n<meta property=\"og:image\" content=\"https:\/\/doctorfernandopifarre.com\/wp-content\/uploads\/2023\/02\/doctor-fernando-pifarre-logo.jpg\" \/>\n\t<meta property=\"og:image:width\" content=\"433\" \/>\n\t<meta property=\"og:image:height\" content=\"101\" \/>\n\t<meta property=\"og:image:type\" content=\"image\/jpeg\" \/>\n<meta name=\"twitter:card\" content=\"summary_large_image\" \/>\n<meta name=\"twitter:site\" content=\"@fernandopifarre\" \/>\n<meta name=\"twitter:label1\" content=\"Tiempo de lectura\" \/>\n\t<meta name=\"twitter:data1\" content=\"6 minutos\" \/>\n<script type=\"application\/ld+json\" class=\"yoast-schema-graph\">{\"@context\":\"https:\/\/schema.org\",\"@graph\":[{\"@type\":\"WebPage\",\"@id\":\"https:\/\/doctorfernandopifarre.com\/es\/revisiones-deportivas\/\",\"url\":\"https:\/\/doctorfernandopifarre.com\/es\/revisiones-deportivas\/\",\"name\":\"Revisiones deportivas - Doctor Fernando Pifarr\u00e9\",\"isPartOf\":{\"@id\":\"https:\/\/doctorfernandopifarre.com\/es\/#website\"},\"datePublished\":\"2023-11-15T21:04:21+00:00\",\"dateModified\":\"2023-11-16T17:47:17+00:00\",\"description\":\"El centro de revisiones deportivas de L\u00e9rida del doctor Fernando Pifarr\u00e9, es un centro acreditado para la realizaci\u00f3n de los servicios de medicina deportiva de nivel II.\",\"breadcrumb\":{\"@id\":\"https:\/\/doctorfernandopifarre.com\/es\/revisiones-deportivas\/#breadcrumb\"},\"inLanguage\":\"es\",\"potentialAction\":[{\"@type\":\"ReadAction\",\"target\":[\"https:\/\/doctorfernandopifarre.com\/es\/revisiones-deportivas\/\"]}]},{\"@type\":\"BreadcrumbList\",\"@id\":\"https:\/\/doctorfernandopifarre.com\/es\/revisiones-deportivas\/#breadcrumb\",\"itemListElement\":[{\"@type\":\"ListItem\",\"position\":1,\"name\":\"Inici\",\"item\":\"https:\/\/doctorfernandopifarre.com\/es\/\"},{\"@type\":\"ListItem\",\"position\":2,\"name\":\"Revisiones deportivas\"}]},{\"@type\":\"WebSite\",\"@id\":\"https:\/\/doctorfernandopifarre.com\/es\/#website\",\"url\":\"https:\/\/doctorfernandopifarre.com\/es\/\",\"name\":\"Doctor Fernando Pifarr\u00e9\",\"description\":\"Pod\u00f3logo en L\u00e9rida Dr Fernando Pifarre, contamos con un equipo de profesionales de la podolog\u00eda y revisiones deportivas con amplia experiencia.\",\"publisher\":{\"@id\":\"https:\/\/doctorfernandopifarre.com\/es\/#\/schema\/person\/cb8a61302a753c52201b00abd0ccc993\"},\"potentialAction\":[{\"@type\":\"SearchAction\",\"target\":{\"@type\":\"EntryPoint\",\"urlTemplate\":\"https:\/\/doctorfernandopifarre.com\/es\/?s={search_term_string}\"},\"query-input\":{\"@type\":\"PropertyValueSpecification\",\"valueRequired\":true,\"valueName\":\"search_term_string\"}}],\"inLanguage\":\"es\"},{\"@type\":[\"Person\",\"Organization\"],\"@id\":\"https:\/\/doctorfernandopifarre.com\/es\/#\/schema\/person\/cb8a61302a753c52201b00abd0ccc993\",\"name\":\"fpifarre\",\"image\":{\"@type\":\"ImageObject\",\"inLanguage\":\"es\",\"@id\":\"https:\/\/doctorfernandopifarre.com\/wp-content\/uploads\/2023\/02\/favicon.png\",\"url\":\"https:\/\/doctorfernandopifarre.com\/wp-content\/uploads\/2023\/02\/favicon.png\",\"contentUrl\":\"https:\/\/doctorfernandopifarre.com\/wp-content\/uploads\/2023\/02\/favicon.png\",\"width\":366,\"height\":502,\"caption\":\"fpifarre\"},\"logo\":{\"@id\":\"https:\/\/doctorfernandopifarre.com\/wp-content\/uploads\/2023\/02\/favicon.png\"},\"description\":\"Dr. en Medicina i Cirurgia (Facultat medicina UdL) metge especialista via MIR en medicina del'educaci\u00f3 f\u00edsica i l'esport (Hospital Cl\u00ednic. Barcelona). Diplomat Universitari en Podologia (UB. Campus de Bellvitge). T\u00e8cnic ortop\u00e8dic oficial (UB. Hospital Cl\u00ednic Barcelona). Cap del servei Medicina Esportiva. Generalitat Catalunya a Lleida. CAP 11 de Setembre Professor Biomec\u00e0nica. (UdL. Universitat Central de Catalunya)\",\"sameAs\":[\"http:\/\/doctorfernandopifarre.com\"]}]}<\/script>\n<!-- \/ Yoast SEO plugin. -->","yoast_head_json":{"title":"Revisiones deportivas - Doctor Fernando Pifarr\u00e9","description":"El centro de revisiones deportivas de L\u00e9rida del doctor Fernando Pifarr\u00e9, es un centro acreditado para la realizaci\u00f3n de los servicios de medicina deportiva de nivel II.","robots":{"index":"index","follow":"follow","max-snippet":"max-snippet:-1","max-image-preview":"max-image-preview:large","max-video-preview":"max-video-preview:-1"},"canonical":"https:\/\/doctorfernandopifarre.com\/es\/revisiones-deportivas\/","og_locale":"es_ES","og_type":"article","og_title":"Revisiones deportivas - Doctor Fernando Pifarr\u00e9","og_description":"El centro de revisiones deportivas de L\u00e9rida del doctor Fernando Pifarr\u00e9, es un centro acreditado para la realizaci\u00f3n de los servicios de medicina deportiva de nivel II.","og_url":"https:\/\/doctorfernandopifarre.com\/es\/revisiones-deportivas\/","og_site_name":"Doctor Fernando Pifarr\u00e9","article_modified_time":"2023-11-16T17:47:17+00:00","og_image":[{"width":433,"height":101,"url":"https:\/\/doctorfernandopifarre.com\/wp-content\/uploads\/2023\/02\/doctor-fernando-pifarre-logo.jpg","type":"image\/jpeg"}],"twitter_card":"summary_large_image","twitter_site":"@fernandopifarre","twitter_misc":{"Tiempo de lectura":"6 minutos"},"schema":{"@context":"https:\/\/schema.org","@graph":[{"@type":"WebPage","@id":"https:\/\/doctorfernandopifarre.com\/es\/revisiones-deportivas\/","url":"https:\/\/doctorfernandopifarre.com\/es\/revisiones-deportivas\/","name":"Revisiones deportivas - Doctor Fernando Pifarr\u00e9","isPartOf":{"@id":"https:\/\/doctorfernandopifarre.com\/es\/#website"},"datePublished":"2023-11-15T21:04:21+00:00","dateModified":"2023-11-16T17:47:17+00:00","description":"El centro de revisiones deportivas de L\u00e9rida del doctor Fernando Pifarr\u00e9, es un centro acreditado para la realizaci\u00f3n de los servicios de medicina deportiva de nivel II.","breadcrumb":{"@id":"https:\/\/doctorfernandopifarre.com\/es\/revisiones-deportivas\/#breadcrumb"},"inLanguage":"es","potentialAction":[{"@type":"ReadAction","target":["https:\/\/doctorfernandopifarre.com\/es\/revisiones-deportivas\/"]}]},{"@type":"BreadcrumbList","@id":"https:\/\/doctorfernandopifarre.com\/es\/revisiones-deportivas\/#breadcrumb","itemListElement":[{"@type":"ListItem","position":1,"name":"Inici","item":"https:\/\/doctorfernandopifarre.com\/es\/"},{"@type":"ListItem","position":2,"name":"Revisiones deportivas"}]},{"@type":"WebSite","@id":"https:\/\/doctorfernandopifarre.com\/es\/#website","url":"https:\/\/doctorfernandopifarre.com\/es\/","name":"Doctor Fernando Pifarr\u00e9","description":"Pod\u00f3logo en L\u00e9rida Dr Fernando Pifarre, contamos con un equipo de profesionales de la podolog\u00eda y revisiones deportivas con amplia experiencia.","publisher":{"@id":"https:\/\/doctorfernandopifarre.com\/es\/#\/schema\/person\/cb8a61302a753c52201b00abd0ccc993"},"potentialAction":[{"@type":"SearchAction","target":{"@type":"EntryPoint","urlTemplate":"https:\/\/doctorfernandopifarre.com\/es\/?s={search_term_string}"},"query-input":{"@type":"PropertyValueSpecification","valueRequired":true,"valueName":"search_term_string"}}],"inLanguage":"es"},{"@type":["Person","Organization"],"@id":"https:\/\/doctorfernandopifarre.com\/es\/#\/schema\/person\/cb8a61302a753c52201b00abd0ccc993","name":"fpifarre","image":{"@type":"ImageObject","inLanguage":"es","@id":"https:\/\/doctorfernandopifarre.com\/wp-content\/uploads\/2023\/02\/favicon.png","url":"https:\/\/doctorfernandopifarre.com\/wp-content\/uploads\/2023\/02\/favicon.png","contentUrl":"https:\/\/doctorfernandopifarre.com\/wp-content\/uploads\/2023\/02\/favicon.png","width":366,"height":502,"caption":"fpifarre"},"logo":{"@id":"https:\/\/doctorfernandopifarre.com\/wp-content\/uploads\/2023\/02\/favicon.png"},"description":"Dr. en Medicina i Cirurgia (Facultat medicina UdL) metge especialista via MIR en medicina del'educaci\u00f3 f\u00edsica i l'esport (Hospital Cl\u00ednic. Barcelona). Diplomat Universitari en Podologia (UB. Campus de Bellvitge). T\u00e8cnic ortop\u00e8dic oficial (UB. Hospital Cl\u00ednic Barcelona). Cap del servei Medicina Esportiva. Generalitat Catalunya a Lleida. CAP 11 de Setembre Professor Biomec\u00e0nica. (UdL. Universitat Central de Catalunya)","sameAs":["http:\/\/doctorfernandopifarre.com"]}]}},"_links":{"self":[{"href":"https:\/\/doctorfernandopifarre.com\/es\/wp-json\/wp\/v2\/pages\/4968","targetHints":{"allow":["GET"]}}],"collection":[{"href":"https:\/\/doctorfernandopifarre.com\/es\/wp-json\/wp\/v2\/pages"}],"about":[{"href":"https:\/\/doctorfernandopifarre.com\/es\/wp-json\/wp\/v2\/types\/page"}],"author":[{"embeddable":true,"href":"https:\/\/doctorfernandopifarre.com\/es\/wp-json\/wp\/v2\/users\/1"}],"replies":[{"embeddable":true,"href":"https:\/\/doctorfernandopifarre.com\/es\/wp-json\/wp\/v2\/comments?post=4968"}],"version-history":[{"count":0,"href":"https:\/\/doctorfernandopifarre.com\/es\/wp-json\/wp\/v2\/pages\/4968\/revisions"}],"wp:attachment":[{"href":"https:\/\/doctorfernandopifarre.com\/es\/wp-json\/wp\/v2\/media?parent=4968"}],"curies":[{"name":"wp","href":"https:\/\/api.w.org\/{rel}","templated":true}]}}